{"id":114,"date":"2016-06-20T15:01:10","date_gmt":"2016-06-20T15:01:10","guid":{"rendered":"http:\/\/simple-sidewalk.flywheelsites.com\/?page_id=114"},"modified":"2018-01-04T18:50:30","modified_gmt":"2018-01-04T18:50:30","slug":"distinctions","status":"publish","type":"page","link":"https:\/\/jubilationchoir.com\/fr\/choeur\/distinctions\/","title":{"rendered":"Distinctions"},"content":{"rendered":"<div id=\"wrap_2\">\n<div id=\"bg_content_wrap\">\n<div id=\"component-2\">\n<div id=\"mainbody\">\n<table class=\"contentpaneopen\">\n<tbody>\n<tr>\n<td class=\"contentheading\" width=\"100%\">\n<h2>R\u00e9cipiendaire d\u2019un prix SOBA Image 2010<\/h2>\n<\/td>\n<\/tr>\n<\/tbody>\n<\/table>\n<\/div>\n<\/div>\n<\/div>\n<\/div>\n<h2>M. Trevor W. Payne, C.M.<\/h2>\n<p>\u00c0 Montr\u00e9al depuis l\u2019\u00e2ge de 10 ans, Trevor W. Payne est \u00e0 la t\u00eate d\u2019une des plus prestigieuses chorales gospel en Am\u00e9rique du Nord depuis pr\u00e8s de 30 ans : le Montreal Jubilation Gospel Choir.<\/p>\n<p>Fond\u00e9e par Trevor Payne et Daisy Peterson Sweeney, la soeur d&#8217;Oscar Peterson, et form\u00e9e \u00e0 l&#8217;\u00e9glise United Union, la plus ancienne communaut\u00e9 religieuse noire de Montr\u00e9al, la chorale se nommait Montreal Black Community Youth Choir \u00e0 ses d\u00e9buts en 1974. En 1982, elle s\u2019est r\u00e9unie afin de c\u00e9l\u00e9brer le 75e anniversaire de la Union United Church, la plus ancienne \u00e9glise noire de Montr\u00e9al. En raison du succ\u00e8s du concert, auquel participaient Oliver Jones, Ranee Lee et Charlie Biddle, le Montreal Jubilation Gospel Choir est n\u00e9.<\/p>\n<p>Depuis, la chorale a lanc\u00e9 une douzaine d\u2019albums, a chant\u00e9 dans plusieurs pays, dont la Belgique, la France, l&#8217;Allemagne, les \u00c9tats-Unis et partout au Canada, a pr\u00e9sent\u00e9 des concerts aux c\u00f4t\u00e9s d&#8217;artistes renomm\u00e9s tels que C\u00e9line Dion, Foreigner, New Kids on the Block, Michael Bolton et Ray Charles, et a \u00e9t\u00e9 r\u00e9compens\u00e9e de nombreuses fois.<\/p>\n<p>\u00c0 travers sa musique, son enseignement et son travail au sein des d\u00e9crocheurs de niveau secondaire, il a su partager la richesse et les traditions de la culture noire. Sa contribution remarquable \u00e0 sa communaut\u00e9, \u00e0 la soci\u00e9t\u00e9 canadienne et \u00e0 l\u2019image du gospel ici et outre-mer a \u00e9t\u00e9 honor\u00e9e \u00e0 plusieurs reprises. Il a notamment \u00e9t\u00e9 d\u00e9cor\u00e9 de l\u2019Ordre du Canada, nomm\u00e9 comme l&#8217;un des 10 meilleurs chefs d&#8217;orchestre et directeur de chorale de l&#8217;histoire de la Ville de Montr\u00e9al, nomm\u00e9 l&#8217;un des cinq gradu\u00e9s noirs les plus marquants au cours des 175 ans d&#8217;histoire de l&#8217;Universit\u00e9 McGill de Montr\u00e9al et re\u00e7u le prix Thomas-A.-Dorsey pour son apport \u00e0 l&#8217;\u00e9mergence de la musique gospel au Canada.<\/p>\n<h2>Quatri\u00e8me \u00e9dition du Gala SOBA<\/h2>\n<h3>Montr\u00e9al, le 25 janvier 2010,<\/h3>\n<p>Le compte \u00e0 rebours est commenc\u00e9 pour la plus grande c\u00e9l\u00e9bration de la culture noire au Qu\u00e9bec et au Canada. Le dimanche 28 f\u00e9vrier 2010 au Th\u00e9\u00e2tre Outremont \u00e0 20h, le Gala SOBA pr\u00e9sentera une quatri\u00e8me \u00e9dition historique : une premi\u00e8re diffusion \u00e0 la t\u00e9l\u00e9vision, et en direct, sur les ondes de Musiqueplus et de Musimax.<\/p>\n<p>Pour cette quatri\u00e8me \u00e9dition, nous avons l\u2019honneur de vous annoncer officiellement que le comit\u00e9 de s\u00e9lection a d\u00e9cid\u00e9 de r\u00e9compenser monsieur Trevor W. Payne d\u2019un prix SOBA Image pour son engagement et son d\u00e9vouement depuis pr\u00e8s de 30 ans envers l\u2019une des plus prestigieuses chorales gospel en Am\u00e9rique du Nord : le Montreal Jubilation Gospel Choir.<\/p>\n<p>Nous comptons sur votre pr\u00e9sence le 28 f\u00e9vrier prochain pour c\u00e9l\u00e9brer la culture noire \u00e0 son meilleur, aupr\u00e8s d\u2019autres artisans qu\u00e9b\u00e9cois et canadiens de talent, et ainsi faire de cette quatri\u00e8me \u00e9dition un succ\u00e8s sans pr\u00e9c\u00e9dent.<\/p>\n<p>Toutes nos f\u00e9licitations !<\/p>\n<p><img loading=\"lazy\" decoding=\"async\" class=\"alignnone size-medium wp-image-117\" src=\"https:\/\/jubilationchoir.com\/content\/uploads\/2016\/06\/soba-signature_w-300x129.jpg\" alt=\"soba-signature_w\" width=\"300\" height=\"129\" srcset=\"https:\/\/jubilationchoir.com\/wp-content\/uploads\/2016\/06\/soba-signature_w-300x129.jpg 300w, https:\/\/jubilationchoir.com\/wp-content\/uploads\/2016\/06\/soba-signature_w.jpg 308w\" sizes=\"auto, (max-width: 300px) 100vw, 300px\" \/><br \/>\nRuddy B. Eloi<br \/>\nPr\u00e9sident-directeur g\u00e9n\u00e9ral<br \/>\nGala SOBA<\/p>\n<p><a href=\"https:\/\/jubilationchoir.com\/content\/uploads\/2016\/06\/soba2010.pdf\" target=\"_blanck\">Cliquez ici pour voir le document officiel.<\/a><\/p>\n","protected":false},"excerpt":{"rendered":"<p>R\u00e9cipiendaire d\u2019un prix SOBA Image 2010 M. Trevor W. Payne, C.M. \u00c0 Montr\u00e9al depuis l\u2019\u00e2ge de 10 ans, Trevor W. Payne est \u00e0 la t\u00eate d\u2019une des plus prestigieuses chorales gospel en Am\u00e9rique du Nord depuis pr\u00e8s de 30 ans : le Montreal Jubilation Gospel Choir. Fond\u00e9e par Trevor Payne et Daisy Peterson Sweeney, la &hellip; <a href=\"https:\/\/jubilationchoir.com\/fr\/choeur\/distinctions\/\">Continued<\/a><\/p>\n","protected":false},"author":4,"featured_media":118,"parent":127,"menu_order":2,"comment_status":"open","ping_status":"open","template":"template-rightsidebar.php","meta":{"_acf_changed":false,"footnotes":""},"class_list":["post-114","page","type-page","status-publish","has-post-thumbnail","hentry"],"acf":[],"_links":{"self":[{"href":"https:\/\/jubilationchoir.com\/fr\/wp-json\/wp\/v2\/pages\/114\/"}],"collection":[{"href":"https:\/\/jubilationchoir.com\/fr\/wp-json\/wp\/v2\/pages\/"}],"about":[{"href":"https:\/\/jubilationchoir.com\/fr\/wp-json\/wp\/v2\/types\/page\/"}],"author":[{"embeddable":true,"href":"https:\/\/jubilationchoir.com\/fr\/wp-json\/wp\/v2\/users\/4\/"}],"replies":[{"embeddable":true,"href":"https:\/\/jubilationchoir.com\/fr\/wp-json\/wp\/v2\/comments\/?post=114"}],"version-history":[{"count":0,"href":"https:\/\/jubilationchoir.com\/fr\/wp-json\/wp\/v2\/pages\/114\/revisions\/"}],"up":[{"embeddable":true,"href":"https:\/\/jubilationchoir.com\/fr\/wp-json\/wp\/v2\/pages\/127\/"}],"wp:featuredmedia":[{"embeddable":true,"href":"https:\/\/jubilationchoir.com\/fr\/wp-json\/wp\/v2\/media\/118\/"}],"wp:attachment":[{"href":"https:\/\/jubilationchoir.com\/fr\/wp-json\/wp\/v2\/media\/?parent=114"}],"curies":[{"name":"wp","href":"https:\/\/api.w.org\/{rel}","templated":true}]}}