{"id":1553,"date":"2016-08-30T16:27:13","date_gmt":"2016-08-30T16:27:13","guid":{"rendered":"http:\/\/simple-sidewalk.flywheelsites.com\/fr\/audition-2016\/"},"modified":"2017-03-24T11:30:16","modified_gmt":"2017-03-24T11:30:16","slug":"auditions","status":"publish","type":"page","link":"https:\/\/jubilationchoir.com\/fr\/auditions\/","title":{"rendered":"Auditions"},"content":{"rendered":"<p>AUDITIONS 2017<br \/>\nDimanche 2 avril 2017<br \/>\nDimanche 9 avril 2017 <\/p>\n<p>17h00<br \/>\nConcordia University Music Dept.<br \/>\nMolson Building (MB)<br \/>\n1450 Guy St.<br \/>\n(Corner Guy\/boul de Maisonneuve)<br \/>\n8\u00e8me. \u00e9tage; Bureau 101<br \/>\nMontr\u00e9al, QC H3H 0A1<br \/>\nAucune pr\u00e9paration requise<\/p>\n","protected":false},"excerpt":{"rendered":"<p>AUDITIONS 2017 Dimanche 2 avril 2017 Dimanche 9 avril 2017 17h00 Concordia University Music Dept. Molson Building (MB) 1450 Guy St. (Corner Guy\/boul de Maisonneuve) 8\u00e8me. \u00e9tage; Bureau 101 Montr\u00e9al, QC H3H 0A1 Aucune pr\u00e9paration requise<\/p>\n","protected":false},"author":6,"featured_media":0,"parent":0,"menu_order":0,"comment_status":"closed","ping_status":"closed","template":"template-page.php","meta":{"_acf_changed":false,"footnotes":""},"class_list":["post-1553","page","type-page","status-publish","hentry"],"acf":[],"_links":{"self":[{"href":"https:\/\/jubilationchoir.com\/fr\/wp-json\/wp\/v2\/pages\/1553\/"}],"collection":[{"href":"https:\/\/jubilationchoir.com\/fr\/wp-json\/wp\/v2\/pages\/"}],"about":[{"href":"https:\/\/jubilationchoir.com\/fr\/wp-json\/wp\/v2\/types\/page\/"}],"author":[{"embeddable":true,"href":"https:\/\/jubilationchoir.com\/fr\/wp-json\/wp\/v2\/users\/6\/"}],"replies":[{"embeddable":true,"href":"https:\/\/jubilationchoir.com\/fr\/wp-json\/wp\/v2\/comments\/?post=1553"}],"version-history":[{"count":0,"href":"https:\/\/jubilationchoir.com\/fr\/wp-json\/wp\/v2\/pages\/1553\/revisions\/"}],"wp:attachment":[{"href":"https:\/\/jubilationchoir.com\/fr\/wp-json\/wp\/v2\/media\/?parent=1553"}],"curies":[{"name":"wp","href":"https:\/\/api.w.org\/{rel}","templated":true}]}}