{"id":1608,"date":"2016-09-01T08:57:41","date_gmt":"2016-09-01T08:57:41","guid":{"rendered":"http:\/\/simple-sidewalk.flywheelsites.com\/fr\/?page_id=1608"},"modified":"2016-09-01T08:57:41","modified_gmt":"2016-09-01T08:57:41","slug":"levee-de-fonds-1984","status":"publish","type":"page","link":"https:\/\/jubilationchoir.com\/fr\/choeur\/implication-social\/levee-de-fonds-1984\/","title":{"rendered":"Lev\u00e9e de fonds 1984"},"content":{"rendered":"<p>D\u00e9cembre<\/p>\n<p>    * Gospel Celebration &#8217;84 afin de lever des fonds pour cr\u00e9er de fa\u00e7on permanente un camp d&#8217;\u00e9t\u00e9 pour les patients du Montreal&#8217;s Douglas Hospital pour les d\u00e9ficients intellectuels. <\/p>\n<p>D\u00e9cembre<\/p>\n<p>    * CFCF Television&#8217;s &#8220;Telethon of Stars&#8221;, Montreal <\/p>\n<p>Septembre<\/p>\n<p>    * Concert b\u00e9n\u00e9fice pour l&#8217;Association des Handicap\u00e9s de St-J\u00e9rome, Qu\u00e9bec<\/p>\n","protected":false},"excerpt":{"rendered":"<p>D\u00e9cembre * Gospel Celebration &#8217;84 afin de lever des fonds pour cr\u00e9er de fa\u00e7on permanente un camp d&#8217;\u00e9t\u00e9 pour les patients du Montreal&#8217;s Douglas Hospital pour les d\u00e9ficients intellectuels. D\u00e9cembre * CFCF Television&#8217;s &#8220;Telethon of Stars&#8221;, Montreal Septembre * Concert b\u00e9n\u00e9fice pour l&#8217;Association des Handicap\u00e9s de St-J\u00e9rome, Qu\u00e9bec<\/p>\n","protected":false},"author":4,"featured_media":0,"parent":1610,"menu_order":2,"comment_status":"closed","ping_status":"closed","template":"template-page.php","meta":{"_acf_changed":false,"footnotes":""},"class_list":["post-1608","page","type-page","status-publish","hentry"],"acf":[],"_links":{"self":[{"href":"https:\/\/jubilationchoir.com\/fr\/wp-json\/wp\/v2\/pages\/1608\/"}],"collection":[{"href":"https:\/\/jubilationchoir.com\/fr\/wp-json\/wp\/v2\/pages\/"}],"about":[{"href":"https:\/\/jubilationchoir.com\/fr\/wp-json\/wp\/v2\/types\/page\/"}],"author":[{"embeddable":true,"href":"https:\/\/jubilationchoir.com\/fr\/wp-json\/wp\/v2\/users\/4\/"}],"replies":[{"embeddable":true,"href":"https:\/\/jubilationchoir.com\/fr\/wp-json\/wp\/v2\/comments\/?post=1608"}],"version-history":[{"count":0,"href":"https:\/\/jubilationchoir.com\/fr\/wp-json\/wp\/v2\/pages\/1608\/revisions\/"}],"up":[{"embeddable":true,"href":"https:\/\/jubilationchoir.com\/fr\/wp-json\/wp\/v2\/pages\/1610\/"}],"wp:attachment":[{"href":"https:\/\/jubilationchoir.com\/fr\/wp-json\/wp\/v2\/media\/?parent=1608"}],"curies":[{"name":"wp","href":"https:\/\/api.w.org\/{rel}","templated":true}]}}