{"id":1698,"date":"2016-09-07T15:17:48","date_gmt":"2016-09-07T15:17:48","guid":{"rendered":"http:\/\/simple-sidewalk.flywheelsites.com\/fr\/?page_id=1698"},"modified":"2016-09-07T15:17:57","modified_gmt":"2016-09-07T15:17:57","slug":"levee-de-fonds-1993","status":"publish","type":"page","link":"https:\/\/jubilationchoir.com\/fr\/choeur\/implication-social\/levee-de-fonds-1993\/","title":{"rendered":"Lev\u00e9e de fonds 1993"},"content":{"rendered":"<p>D\u00e9cembre<\/p>\n<p>    * Concert b\u00e9b\u00e9fice pour la Chaire des \u00c9tudes Canadienne Noire James Robinson Johnston Chair (Dalhousie University, Halifax, N.S.), Montreal<\/p>\n<p>Avril<\/p>\n<p>    * Concert b\u00e9n\u00e9fice, commandit\u00e9 par Hitachi au Capitol de Qu\u00e9bec avec Gilbert B\u00e9caud et Julie Masse, pour plusieurs causes incluant Op\u00e9ration Enfant Soleil<br \/>\n    * Performance for Jean Lapointe Telethon to raise funds to fight alcoholism, Montreal <\/p>\n<p>F\u00e9vrier<\/p>\n<p>    * Ouverture du T\u00e9l\u00e9thon de la paral\u00e9sye c\u00e9r\u00e9brale, le t\u00e9l\u00e9thon qu\u00e9b\u00e9cois le plus regard\u00e9 avec 2 millions d&#8217;auditeurs.<\/p>\n","protected":false},"excerpt":{"rendered":"<p>D\u00e9cembre * Concert b\u00e9b\u00e9fice pour la Chaire des \u00c9tudes Canadienne Noire James Robinson Johnston Chair (Dalhousie University, Halifax, N.S.), Montreal Avril * Concert b\u00e9n\u00e9fice, commandit\u00e9 par Hitachi au Capitol de Qu\u00e9bec avec Gilbert B\u00e9caud et Julie Masse, pour plusieurs causes incluant Op\u00e9ration Enfant Soleil * Performance for Jean Lapointe Telethon to raise funds to fight &hellip; <a href=\"https:\/\/jubilationchoir.com\/fr\/choeur\/implication-social\/levee-de-fonds-1993\/\">Continued<\/a><\/p>\n","protected":false},"author":6,"featured_media":0,"parent":1610,"menu_order":0,"comment_status":"closed","ping_status":"closed","template":"template-page.php","meta":{"_acf_changed":false,"footnotes":""},"class_list":["post-1698","page","type-page","status-publish","hentry"],"acf":[],"_links":{"self":[{"href":"https:\/\/jubilationchoir.com\/fr\/wp-json\/wp\/v2\/pages\/1698\/"}],"collection":[{"href":"https:\/\/jubilationchoir.com\/fr\/wp-json\/wp\/v2\/pages\/"}],"about":[{"href":"https:\/\/jubilationchoir.com\/fr\/wp-json\/wp\/v2\/types\/page\/"}],"author":[{"embeddable":true,"href":"https:\/\/jubilationchoir.com\/fr\/wp-json\/wp\/v2\/users\/6\/"}],"replies":[{"embeddable":true,"href":"https:\/\/jubilationchoir.com\/fr\/wp-json\/wp\/v2\/comments\/?post=1698"}],"version-history":[{"count":0,"href":"https:\/\/jubilationchoir.com\/fr\/wp-json\/wp\/v2\/pages\/1698\/revisions\/"}],"up":[{"embeddable":true,"href":"https:\/\/jubilationchoir.com\/fr\/wp-json\/wp\/v2\/pages\/1610\/"}],"wp:attachment":[{"href":"https:\/\/jubilationchoir.com\/fr\/wp-json\/wp\/v2\/media\/?parent=1698"}],"curies":[{"name":"wp","href":"https:\/\/api.w.org\/{rel}","templated":true}]}}