{"id":1704,"date":"2016-09-07T15:18:57","date_gmt":"2016-09-07T15:18:57","guid":{"rendered":"http:\/\/simple-sidewalk.flywheelsites.com\/fr\/?page_id=1704"},"modified":"2016-09-07T15:19:19","modified_gmt":"2016-09-07T15:19:19","slug":"levee-de-fonds-1994","status":"publish","type":"page","link":"https:\/\/jubilationchoir.com\/fr\/choeur\/implication-social\/levee-de-fonds-1994\/","title":{"rendered":"Lev\u00e9e de fonds 1994"},"content":{"rendered":"<p>D\u00e9cembre<\/p>\n<p>    * Concert b\u00e9n\u00e9fice pour le Fond Scolaire Rev. Dr. Charles H. Este et le St-James United Church Drop-in Centre, Montreal<\/p>\n","protected":false},"excerpt":{"rendered":"<p>D\u00e9cembre * Concert b\u00e9n\u00e9fice pour le Fond Scolaire Rev. Dr. Charles H. Este et le St-James United Church Drop-in Centre, Montreal<\/p>\n","protected":false},"author":6,"featured_media":0,"parent":1610,"menu_order":0,"comment_status":"closed","ping_status":"closed","template":"template-page.php","meta":{"_acf_changed":false,"footnotes":""},"class_list":["post-1704","page","type-page","status-publish","hentry"],"acf":[],"_links":{"self":[{"href":"https:\/\/jubilationchoir.com\/fr\/wp-json\/wp\/v2\/pages\/1704\/"}],"collection":[{"href":"https:\/\/jubilationchoir.com\/fr\/wp-json\/wp\/v2\/pages\/"}],"about":[{"href":"https:\/\/jubilationchoir.com\/fr\/wp-json\/wp\/v2\/types\/page\/"}],"author":[{"embeddable":true,"href":"https:\/\/jubilationchoir.com\/fr\/wp-json\/wp\/v2\/users\/6\/"}],"replies":[{"embeddable":true,"href":"https:\/\/jubilationchoir.com\/fr\/wp-json\/wp\/v2\/comments\/?post=1704"}],"version-history":[{"count":0,"href":"https:\/\/jubilationchoir.com\/fr\/wp-json\/wp\/v2\/pages\/1704\/revisions\/"}],"up":[{"embeddable":true,"href":"https:\/\/jubilationchoir.com\/fr\/wp-json\/wp\/v2\/pages\/1610\/"}],"wp:attachment":[{"href":"https:\/\/jubilationchoir.com\/fr\/wp-json\/wp\/v2\/media\/?parent=1704"}],"curies":[{"name":"wp","href":"https:\/\/api.w.org\/{rel}","templated":true}]}}