{"id":1709,"date":"2016-09-07T15:20:07","date_gmt":"2016-09-07T15:20:07","guid":{"rendered":"http:\/\/simple-sidewalk.flywheelsites.com\/fr\/?page_id=1709"},"modified":"2016-09-07T15:20:28","modified_gmt":"2016-09-07T15:20:28","slug":"levee-de-fonds-1995","status":"publish","type":"page","link":"https:\/\/jubilationchoir.com\/fr\/choeur\/implication-social\/levee-de-fonds-1995\/","title":{"rendered":"Lev\u00e9e de fonds 1995"},"content":{"rendered":"<p>D\u00e9cembre<\/p>\n<p>    *<br \/>\n      Concert b\u00e9n\u00e9fice pour le Lamplighters Children&#8217;s Leukemia-Cancer Foundation, St.-James United Church Drop-In Centre, Tyndale-St. George, Leave Out Violence, Share the Warmth Foundation et Volunteers for Oncology Patients (Montreal General Hospital).<\/p>\n<p>Septembre<\/p>\n<p>    *<br \/>\n      Artistes invit\u00e9s pour la lev\u00e9e de fond Centre d&#8217;\u00c9tude sur le Cancer de l&#8217;Universit\u00e9 Mc Gill, Montreal<\/p>\n<p>Mai<\/p>\n<p>    *<br \/>\n      Creation du fond &#8220;the Montreal Jubilation Gospel Choir Perpetual Scholarship&#8221; pour distinction en arts, en association avec le Charles H. Este Memorial Scholarship Fund, Union United Church , Montreal.<\/p>\n<p>    *<br \/>\n      Concert b\u00e9n\u00e9fice au profit de la chorale La jeunesse Northhumberland Girl&#8217;s Choir, Cobourg, Ontario <\/p>\n","protected":false},"excerpt":{"rendered":"<p>D\u00e9cembre * Concert b\u00e9n\u00e9fice pour le Lamplighters Children&#8217;s Leukemia-Cancer Foundation, St.-James United Church Drop-In Centre, Tyndale-St. George, Leave Out Violence, Share the Warmth Foundation et Volunteers for Oncology Patients (Montreal General Hospital). Septembre * Artistes invit\u00e9s pour la lev\u00e9e de fond Centre d&#8217;\u00c9tude sur le Cancer de l&#8217;Universit\u00e9 Mc Gill, Montreal Mai * Creation du &hellip; <a href=\"https:\/\/jubilationchoir.com\/fr\/choeur\/implication-social\/levee-de-fonds-1995\/\">Continued<\/a><\/p>\n","protected":false},"author":6,"featured_media":0,"parent":1610,"menu_order":0,"comment_status":"closed","ping_status":"closed","template":"template-page.php","meta":{"_acf_changed":false,"footnotes":""},"class_list":["post-1709","page","type-page","status-publish","hentry"],"acf":[],"_links":{"self":[{"href":"https:\/\/jubilationchoir.com\/fr\/wp-json\/wp\/v2\/pages\/1709\/"}],"collection":[{"href":"https:\/\/jubilationchoir.com\/fr\/wp-json\/wp\/v2\/pages\/"}],"about":[{"href":"https:\/\/jubilationchoir.com\/fr\/wp-json\/wp\/v2\/types\/page\/"}],"author":[{"embeddable":true,"href":"https:\/\/jubilationchoir.com\/fr\/wp-json\/wp\/v2\/users\/6\/"}],"replies":[{"embeddable":true,"href":"https:\/\/jubilationchoir.com\/fr\/wp-json\/wp\/v2\/comments\/?post=1709"}],"version-history":[{"count":0,"href":"https:\/\/jubilationchoir.com\/fr\/wp-json\/wp\/v2\/pages\/1709\/revisions\/"}],"up":[{"embeddable":true,"href":"https:\/\/jubilationchoir.com\/fr\/wp-json\/wp\/v2\/pages\/1610\/"}],"wp:attachment":[{"href":"https:\/\/jubilationchoir.com\/fr\/wp-json\/wp\/v2\/media\/?parent=1709"}],"curies":[{"name":"wp","href":"https:\/\/api.w.org\/{rel}","templated":true}]}}