{"id":1715,"date":"2016-09-07T15:21:08","date_gmt":"2016-09-07T15:21:08","guid":{"rendered":"http:\/\/simple-sidewalk.flywheelsites.com\/fr\/?page_id=1715"},"modified":"2016-09-07T15:21:19","modified_gmt":"2016-09-07T15:21:19","slug":"levee-de-fonds-1996","status":"publish","type":"page","link":"https:\/\/jubilationchoir.com\/fr\/choeur\/implication-social\/levee-de-fonds-1996\/","title":{"rendered":"Lev\u00e9e de fonds 1996"},"content":{"rendered":"<p>Les organismes choisis pour b\u00e9n\u00e9ficier de ces fonds sont: <\/p>\n<p># Aub\u00e8rge Madeleine<br \/>\nUn centre pour les femmes en difficult\u00e9s. Victimes de maladies mentales, d&#8217;abus de substances toxiques, sans abris ou victimes de violence conjuguale peuvent trouver refuge \u00e0 l&#8217;Aub\u00e8rge pour le support et l&#8217;encouragement d&#8217;un personnel d\u00e9vou\u00e9 et qualifi\u00e9 en intervention sociale<br \/>\n.<\/p>\n<p># La Leche League Canada:<br \/>\nOrganisme de charit\u00e9 offrant de l&#8217;information su l&#8217;allaitement aux femmes de partout au Canada.<\/p>\n<p># Lamplighters Children&#8217;s Leukemia-Cancer Foundation:<br \/>\nUne organisation oeuvrant en marge du Montreal Children&#8217;s Hospital.<\/p>\n<p>#<br \/>\nLearning Associates of Montreal:<br \/>\nOrganisation \u00e0 but non-lucratif ayant pour but d&#8217;aider les parents et aifant au prise avec des difficult\u00e9s d&#8217;apprentissage.<\/p>\n<p>#<br \/>\nLeave Out Violence (L.O.V.E.):<br \/>\nUne organisation dont le principe moteur est que la pr\u00e9vention de la violence est la responsabilit\u00e9 de tous.<\/p>\n<p>#<br \/>\nLa Fondation pour l&#8217;excellence en arts de la chorale Montreal Jubilation Gospel Choir<br \/>\nLa fondation fut cr\u00e9\u00e9e en 1995 en l&#8217;honneur du regrett\u00e9 r\u00e9v\u00e9rend Dr Charles H. Este, ayant offici\u00e9 \u00e0 l&#8217;\u00e9glise Union United Church, \u00e0 Saint-Henri, de 1923 \u00e0 1968. C&#8217;est en ces lieux que na\u00eet la chorale Montreal Jubilation Gospel Choir, en septembre 1982. La fondation r\u00e9compense et encourage les \u00e9l\u00e8ves qui se distinguent par l&#8217;excellence de leur travail dans le domaine des arts<\/p>\n<p># Negro Community Centre Building Fund:<br \/>\nEn ce moment, l&#8217;\u00e9difice n\u00e9cessite d&#8217;importantes r\u00e9novations.<\/p>\n<p># St-George&#8217;s Anglican Church Building Fund:<br \/>\nCette \u00c9glise vieille de 125 ans, honor\u00e9e par une Commision du Gouvernement F\u00e9d\u00e9ral en tant qu&#8217;exemple exceptionnel de l&#8217;Architecture Gothique Victorienne, a besoin de 300 000$ pour couvrir la r\u00e9paration de son toit.<\/p>\n<p># St-James United Church Drop-In Centre:<br \/>\nCe programme communautaire a offert plus de 15 000 repas en une seule ann\u00e9e aux sans-abri de Montreal.<\/p>\n<p># Toope Memorial Foundation Perpetual Scholarship:<br \/>\nCr\u00e9\u00e9 en m\u00e9moire du Rev. Frank Toope et Mme. Jocelyn Toope. Cet honneur acad\u00e9mique r\u00e9compense l&#8217;engagement dans la communaut\u00e9 par l&#8217;excellence acad\u00e9mique et athl\u00e9tique.<\/p>\n","protected":false},"excerpt":{"rendered":"<p>Les organismes choisis pour b\u00e9n\u00e9ficier de ces fonds sont: # Aub\u00e8rge Madeleine Un centre pour les femmes en difficult\u00e9s. Victimes de maladies mentales, d&#8217;abus de substances toxiques, sans abris ou victimes de violence conjuguale peuvent trouver refuge \u00e0 l&#8217;Aub\u00e8rge pour le support et l&#8217;encouragement d&#8217;un personnel d\u00e9vou\u00e9 et qualifi\u00e9 en intervention sociale . # La &hellip; <a href=\"https:\/\/jubilationchoir.com\/fr\/choeur\/implication-social\/levee-de-fonds-1996\/\">Continued<\/a><\/p>\n","protected":false},"author":6,"featured_media":0,"parent":1610,"menu_order":0,"comment_status":"closed","ping_status":"closed","template":"template-page.php","meta":{"_acf_changed":false,"footnotes":""},"class_list":["post-1715","page","type-page","status-publish","hentry"],"acf":[],"_links":{"self":[{"href":"https:\/\/jubilationchoir.com\/fr\/wp-json\/wp\/v2\/pages\/1715\/"}],"collection":[{"href":"https:\/\/jubilationchoir.com\/fr\/wp-json\/wp\/v2\/pages\/"}],"about":[{"href":"https:\/\/jubilationchoir.com\/fr\/wp-json\/wp\/v2\/types\/page\/"}],"author":[{"embeddable":true,"href":"https:\/\/jubilationchoir.com\/fr\/wp-json\/wp\/v2\/users\/6\/"}],"replies":[{"embeddable":true,"href":"https:\/\/jubilationchoir.com\/fr\/wp-json\/wp\/v2\/comments\/?post=1715"}],"version-history":[{"count":0,"href":"https:\/\/jubilationchoir.com\/fr\/wp-json\/wp\/v2\/pages\/1715\/revisions\/"}],"up":[{"embeddable":true,"href":"https:\/\/jubilationchoir.com\/fr\/wp-json\/wp\/v2\/pages\/1610\/"}],"wp:attachment":[{"href":"https:\/\/jubilationchoir.com\/fr\/wp-json\/wp\/v2\/media\/?parent=1715"}],"curies":[{"name":"wp","href":"https:\/\/api.w.org\/{rel}","templated":true}]}}