{"id":1720,"date":"2016-09-07T15:22:27","date_gmt":"2016-09-07T15:22:27","guid":{"rendered":"http:\/\/simple-sidewalk.flywheelsites.com\/fr\/?page_id=1720"},"modified":"2016-09-07T15:22:55","modified_gmt":"2016-09-07T15:22:55","slug":"levee-de-fonds-1997","status":"publish","type":"page","link":"https:\/\/jubilationchoir.com\/fr\/choeur\/implication-social\/levee-de-fonds-1997\/","title":{"rendered":"Lev\u00e9e de fonds 1997"},"content":{"rendered":"<p># La Fondation canadienne des maladies inflammatoires de l&#8217;intestin (FCMII)<br \/>\nLa Fondation canadienne des maladies inflammatoires de l&#8217;intestin (FCMII) a \u00e9t\u00e9 fond\u00e9e en 1974 par un petit groupe de parents dont les enfants \u00e9taient atteints d&#8217;une maladie inflammatoire de l&#8217;intestin (MII). Ces parents voulaient faire progresser la recherche dans le domaine des MII afin de mieux comprendre ces maladies et, en bout de ligne, de trouver un traitement curatif. Pour recueillir les fonds n\u00e9cessaires \u00e0 la recherche, le groupe a commenc\u00e9 \u00e0 organiser des activit\u00e9s de collecte de fonds. \u00c0 l&#8217;heure actuelle, la FCMII compte 90 sections locales et des dizaines de milliers de membres, de b\u00e9n\u00e9voles et de partisans au pays. En 1999-2000, la Fondation a investi plus de deux millions de dollars dans la recherche sur les MII. Elle a parcouru beaucoup de chemin, mais son but demeure le m\u00eame : trouver un traitement curatif aux MII. La maladie de Crohn et la colite ulc\u00e9reuse sont deux des formes les plus courantes des MII. Ce sont des maladies intestinales chroniques qui provoquent des douleurs abdominales, des crampes, de la lassitude et de la diarrh\u00e9e. La gravit\u00e9 des sympt\u00f4mes varie \u00e9norm\u00e9ment, et les r\u00e9cidives peuvent se manifester sans avertissement, exigeant parfois une hospitalisation et une intervention chirurgicale. Les maladies peuvent frapper quiconque en tout temps. Environ 100 000 hommes, femmes et enfants canadiens souffrent d&#8217;une MII. (Pour obtenir plus de renseignements sur les MII, consultez nos pages Les MII et Ressources d&#8217;\u00e9ducation.) On ne conna\u00eet toujours ni la cause ni le traitement curatif des MII.<\/p>\n<p># Lamplighters Children&#8217;s Leukemia-Cancer Foundation<br \/>\nLamplighters Children&#8217;s Leukemia-Cancer Foundation est un groupe volontaire de familles et d&#8217;amis travaillant en marge du Montreal Children&#8217;s Hospital. Ils viennent en aide aux enfants souffrant de malaises chroniques en leur fournissant le meilleur environnement d&#8217;\u00e9panouissement possible. Parmis leur r\u00e9alisations, notons une clinique externe de traitement du cancer et l&#8217;achat de plusieurs \u00e9quipements sp\u00e9cialis\u00e9s.<\/p>\n<p># La Fondation Share the Warmth<br \/>\nLa Fondation Share the Warmth est une organisation \u00e0 but non lucratif, fond\u00e9e en 1990 afin de venir en aide aux sans-abri, par l&#8217;apport de victuailles et de v\u00eatements. Aujourd&#8217;hui, elle assiste plus de 3 000 sans-abris par mois incluant ceux qui sont b\u00e9n\u00e9ficiaires de l&#8217;aide-sociale, retra\u00eet\u00e9s, et \u00e9l\u00e8ves souffrant d&#8217;une mauvaise nutrition. La fondation vient en aide \u00e0 la client\u00e8le du sud-ouest de Montreal, incluant Pointe St-Charles, La petite Bourgogne, St-Henri, Verdun et Notre-Dame-de-Gr\u00e2ce.<\/p>\n<p># Le Centre Lansdowne<br \/>\nLe Centre Lansdowne, aura aid\u00e9 des \u00e9l\u00e8ves, de la garderie \u00e0 l&#8217;\u00e9cole secondaire, en passant par l&#8217;\u00e9l\u00e9mentaire, le CEGEP, et l&#8217;universit\u00e9, de langue anglaise ou fran\u00e7aise, \u00e0 Montreal et dans l&#8217;Ouest-de-l&#8217;Ile, ayant des difficult\u00e9s avec les travaux scolaires et devoirs du soir. Leurs services sont efferts par des enseignants form\u00e9s en difficult\u00e9 d&#8217;apprentissage. Travaillant \u00e0 un ratio d&#8217;un \u00e9l\u00e8ve par tuteur, avec un programme individualis\u00e9 sp\u00e9cialement ax\u00e9 sur les besoins de l&#8217;\u00e9l\u00e8ve, ils voient \u00e0 leur combler ce qui leur est n\u00e9cessaire afin de compl\u00e9ter leur \u00e9tudes avec brio<br \/>\n.<\/p>\n<p># The Learning Associates of Montreal<br \/>\nThe Learning Associates of Montreal est une organisation \u00e0 but non-lucratif fond\u00e9e en 1991 par un groupe de professionnels d\u00e9di\u00e9s aux parents et aux enfants faisant face \u00e0 des difficult\u00e9s d&#8217;apprentissage.<\/p>\n<p># La Fondation pour l&#8217;excellence en arts de la chorale Montreal Jubilation Gospel Choir<br \/>\nLa fondation fut cr\u00e9\u00e9e en 1995 en l&#8217;honneur du regrett\u00e9 r\u00e9v\u00e9rend Dr Charles H. Este, ayant offici\u00e9 \u00e0 l&#8217;\u00e9glise Union United Church, \u00e0 Saint-Henri, de 1923 \u00e0 1968. C&#8217;est en ces lieux que na\u00eet la chorale Montreal Jubilation Gospel Choir, en septembre 1982. La fondation r\u00e9compense et encourage les \u00e9l\u00e8ves qui se distinguent par l&#8217;excellence de leur travail dans le domaine des arts.<\/p>\n<p># St-James United Church Drop-In Center<br \/>\nCe point de cueillette est en op\u00e9ration depuis plus de 10 ans. Ce programme communautaire aura offert plus de 15 000 repas par an aux sans-abris et n\u00e9cessiteux de Montreal.<\/p>\n","protected":false},"excerpt":{"rendered":"<p># La Fondation canadienne des maladies inflammatoires de l&#8217;intestin (FCMII) La Fondation canadienne des maladies inflammatoires de l&#8217;intestin (FCMII) a \u00e9t\u00e9 fond\u00e9e en 1974 par un petit groupe de parents dont les enfants \u00e9taient atteints d&#8217;une maladie inflammatoire de l&#8217;intestin (MII). Ces parents voulaient faire progresser la recherche dans le domaine des MII afin de &hellip; <a href=\"https:\/\/jubilationchoir.com\/fr\/choeur\/implication-social\/levee-de-fonds-1997\/\">Continued<\/a><\/p>\n","protected":false},"author":6,"featured_media":0,"parent":1610,"menu_order":0,"comment_status":"closed","ping_status":"closed","template":"template-page.php","meta":{"_acf_changed":false,"footnotes":""},"class_list":["post-1720","page","type-page","status-publish","hentry"],"acf":[],"_links":{"self":[{"href":"https:\/\/jubilationchoir.com\/fr\/wp-json\/wp\/v2\/pages\/1720\/"}],"collection":[{"href":"https:\/\/jubilationchoir.com\/fr\/wp-json\/wp\/v2\/pages\/"}],"about":[{"href":"https:\/\/jubilationchoir.com\/fr\/wp-json\/wp\/v2\/types\/page\/"}],"author":[{"embeddable":true,"href":"https:\/\/jubilationchoir.com\/fr\/wp-json\/wp\/v2\/users\/6\/"}],"replies":[{"embeddable":true,"href":"https:\/\/jubilationchoir.com\/fr\/wp-json\/wp\/v2\/comments\/?post=1720"}],"version-history":[{"count":0,"href":"https:\/\/jubilationchoir.com\/fr\/wp-json\/wp\/v2\/pages\/1720\/revisions\/"}],"up":[{"embeddable":true,"href":"https:\/\/jubilationchoir.com\/fr\/wp-json\/wp\/v2\/pages\/1610\/"}],"wp:attachment":[{"href":"https:\/\/jubilationchoir.com\/fr\/wp-json\/wp\/v2\/media\/?parent=1720"}],"curies":[{"name":"wp","href":"https:\/\/api.w.org\/{rel}","templated":true}]}}