{"id":1726,"date":"2016-09-07T15:23:47","date_gmt":"2016-09-07T15:23:47","guid":{"rendered":"http:\/\/simple-sidewalk.flywheelsites.com\/fr\/?page_id=1726"},"modified":"2016-09-07T15:24:02","modified_gmt":"2016-09-07T15:24:02","slug":"levee-de-fonds-1998","status":"publish","type":"page","link":"https:\/\/jubilationchoir.com\/fr\/choeur\/implication-social\/levee-de-fonds-1998\/","title":{"rendered":"Lev\u00e9e de fonds 1998"},"content":{"rendered":"<p># Aub\u00e8rge Madeleine<br \/>\nUn centre pour les femmes en difficult\u00e9s. Victimes de maladies mentales, d&#8217;abus de substances toxiques, sans abris ou victimes de violence conjuguale peuvent trouver refuge \u00e0 l&#8217;Aub\u00e8rge pour le support et l&#8217;encouragement d&#8217;un personnel d\u00e9vou\u00e9 et qualifi\u00e9 en intervention sociale.<\/p>\n<p># L&#8217;institution Birthright<br \/>\nL&#8217;institution Birthright est \u00e0 buts non-lucratifs et op\u00e8re dans la r\u00e9gion de Montreal depuis 1972. Si Birthright a vu le jour, c&#8217;est parce que nous croyions que toutes les femmes enceintes avaient le droit d&#8217;enfanter et que tout enfant avait le droit de na\u00eetre. Birthright donne un service d&#8217;aide d&#8217;urgence gratuit et confidentiel incluant des tests de grossesse.<\/p>\n<p># Le Centre Lansdowne<br \/>\nLe Centre Lansdowne, aura aid\u00e9 des \u00e9l\u00e8ves, de la garderie \u00e0 l&#8217;\u00e9cole secondaire, en passant par l&#8217;\u00e9l\u00e9mentaire, le CEGEP, et l&#8217;universit\u00e9, de langue anglaise ou fran\u00e7aise, \u00e0 Montreal et dans l&#8217;Ouest-de-l&#8217;Ile, ayant des difficult\u00e9s avec les travaux scolaires et devoirs du soir. Leurs services sont efferts par des enseignants form\u00e9s en difficult\u00e9 d&#8217;apprentissage. Travaillant \u00e0 un ratio d&#8217;un \u00e9l\u00e8ve par tuteur, avec un programme individualis\u00e9 sp\u00e9cialement ax\u00e9 sur les besoins de l&#8217;\u00e9l\u00e8ve, ils voient \u00e0 leur combler ce qui leur est n\u00e9cessaire afin de compl\u00e9ter leur \u00e9tudes avec brio.<\/p>\n<p># Lamplighters Children&#8217;s Leukemia-Cancer Foundation<br \/>\nLamplighters Children&#8217;s Leukemia-Cancer Foundation est un groupe volontaire de familles et d&#8217;amis travaillant en marge du Montreal Children&#8217;s Hospital. Ils viennent en aide aux enfants souffrant de malaises chroniques en leur fournissant le meilleur environnement d&#8217;\u00e9panouissement possible. Parmis leur r\u00e9alisations, notons une clinique externe de traitement du cancer et l&#8217;achat de plusieurs \u00e9quipements sp\u00e9cialis\u00e9s.<\/p>\n<p># Learning Associates of Montreal<br \/>\nThe Learning Associates of Montreal est une organisation \u00e0 but non-lucratif fond\u00e9e en 1991 par un groupe de professionnels d\u00e9di\u00e9s aux parents et aux enfants faisant face \u00e0 des difficult\u00e9s d&#8217;apprentissage.<\/p>\n<p># La Mission communautaire de Montreal<br \/>\nLa Mission communautaire de Montreal fait partie du r\u00e9seau de l&#8217;\u00c9glise unie qui soutient des programmes et des services ayant trait \u00e0 la promotion de la justice sociale chez les personnes \u00e0 faibles revenus habitant \u00e0 Montreal. Le r\u00e9seau comprend des r\u00e9fugi\u00e9s, des familles, des personnes vivant avec le VIH et des gens sans emplois<\/p>\n<p># La Fondation pour l&#8217;excellence en arts de la chorale Montreal Jubilation Gospel Choir<br \/>\nLa fondation fut cr\u00e9\u00e9e en 1995 en l&#8217;honneur du regrett\u00e9 r\u00e9v\u00e9rend Dr Charles H. Este, ayant offici\u00e9 \u00e0 l&#8217;\u00e9glise Union United Church, \u00e0 Saint-Henri, de 1923 \u00e0 1968. C&#8217;est en ces lieux que na\u00eet la chorale Montreal Jubilation Gospel Choir, en septembre 1982. La fondation r\u00e9compense et encourage les \u00e9l\u00e8ves qui se distinguent par l&#8217;excellence de leur travail dans le domaine des arts.<\/p>\n<p># La Fondation Share the Warmth<br \/>\nLa Fondation Fondation Share the Warmth est une organisation \u00e0 but non lucratif, fond\u00e9e en 1990 afin de venir en aide aux sans-abri, par l&#8217;apport de victuailles et de v\u00eatements. Aujourd&#8217;hui, elle assiste plus de 3 000 sans-abris par mois incluant ceux qui sont b\u00e9n\u00e9ficiaires de l&#8217;aide-sociale, retra\u00eet\u00e9s, et \u00e9l\u00e8ves souffrant d&#8217;une mauvaise nutrition. La fondation vient en aide \u00e0 la client\u00e8le du sud-ouest de Montreal, incluant Pointe St-Charles, La petite Bourgogne, St-Henri, Verdun et Notre-Dame-de-Gr\u00e2ce.<\/p>\n<p># St-James United Church Drop-In Center<br \/>\nCe point de cueillette est en op\u00e9ration depuis plus de 10 ans. Ce programme communautaire aura offert plus de 15 000 repas par an aux sans-abris et n\u00e9cessiteux de Montreal.<\/p>\n<p># The Toope Memorial Foundation Perpetual Scholarship<br \/>\nCr\u00e9\u00e9 en m\u00e9moire du Rev. Frank Toope et Mme. Jocelyn Toope. Cet honneur acad\u00e9mique r\u00e9compense l&#8217;engagement dans la communaut\u00e9 par l&#8217;excellence acad\u00e9mique et athl\u00e9tique.<\/p>\n<p># Youth in Motion<br \/>\nIl s&#8217;agit d&#8217;un Centre Communautaire sans but lucratif situ\u00e9 dans le quartier la Petite Bourgogne \u00e0 Montreal. Au cours des sept derni\u00e8res ann\u00e9es, ce centre a offert diff\u00e9rents programmes ainsi que des activit\u00e9s inter culturels, \u00e9ducatifs et socio-r\u00e9cr\u00e9atifs aupr\u00e8s de jeunes \u00e2g\u00e9s entre 12 et 17 ans.<\/p>\n","protected":false},"excerpt":{"rendered":"<p># Aub\u00e8rge Madeleine Un centre pour les femmes en difficult\u00e9s. Victimes de maladies mentales, d&#8217;abus de substances toxiques, sans abris ou victimes de violence conjuguale peuvent trouver refuge \u00e0 l&#8217;Aub\u00e8rge pour le support et l&#8217;encouragement d&#8217;un personnel d\u00e9vou\u00e9 et qualifi\u00e9 en intervention sociale. # L&#8217;institution Birthright L&#8217;institution Birthright est \u00e0 buts non-lucratifs et op\u00e8re dans &hellip; <a href=\"https:\/\/jubilationchoir.com\/fr\/choeur\/implication-social\/levee-de-fonds-1998\/\">Continued<\/a><\/p>\n","protected":false},"author":6,"featured_media":0,"parent":1610,"menu_order":0,"comment_status":"closed","ping_status":"closed","template":"template-page.php","meta":{"_acf_changed":false,"footnotes":""},"class_list":["post-1726","page","type-page","status-publish","hentry"],"acf":[],"_links":{"self":[{"href":"https:\/\/jubilationchoir.com\/fr\/wp-json\/wp\/v2\/pages\/1726\/"}],"collection":[{"href":"https:\/\/jubilationchoir.com\/fr\/wp-json\/wp\/v2\/pages\/"}],"about":[{"href":"https:\/\/jubilationchoir.com\/fr\/wp-json\/wp\/v2\/types\/page\/"}],"author":[{"embeddable":true,"href":"https:\/\/jubilationchoir.com\/fr\/wp-json\/wp\/v2\/users\/6\/"}],"replies":[{"embeddable":true,"href":"https:\/\/jubilationchoir.com\/fr\/wp-json\/wp\/v2\/comments\/?post=1726"}],"version-history":[{"count":0,"href":"https:\/\/jubilationchoir.com\/fr\/wp-json\/wp\/v2\/pages\/1726\/revisions\/"}],"up":[{"embeddable":true,"href":"https:\/\/jubilationchoir.com\/fr\/wp-json\/wp\/v2\/pages\/1610\/"}],"wp:attachment":[{"href":"https:\/\/jubilationchoir.com\/fr\/wp-json\/wp\/v2\/media\/?parent=1726"}],"curies":[{"name":"wp","href":"https:\/\/api.w.org\/{rel}","templated":true}]}}