{"id":1731,"date":"2016-09-07T15:24:46","date_gmt":"2016-09-07T15:24:46","guid":{"rendered":"http:\/\/simple-sidewalk.flywheelsites.com\/fr\/?page_id=1731"},"modified":"2016-09-07T15:24:57","modified_gmt":"2016-09-07T15:24:57","slug":"levee-de-fonds-1999","status":"publish","type":"page","link":"https:\/\/jubilationchoir.com\/fr\/choeur\/implication-social\/levee-de-fonds-1999\/","title":{"rendered":"Lev\u00e9e de fonds 1999"},"content":{"rendered":"<p># Aub\u00e8rge Madeleine<br \/>\nUn centre pour les femmes en difficult\u00e9s. Victimes de maladies mentales, d&#8217;abus de substances toxiques, sans abris ou victimes de violence conjuguale peuvent trouver refuge \u00e0 l&#8217;Aub\u00e8rge pour le support et l&#8217;encouragement d&#8217;un personnel d\u00e9vou\u00e9 et qualifi\u00e9 en intervention sociale.<\/p>\n<p># Centre d&#8217;\u00e9coute et de soutien Face \u00e0 Face<br \/>\nLe centre d&#8217;\u00e9coute et de soutien Face to Face offre une aide aux >personnes qui luttent contre la pauvret\u00e9, l&#8217;isolement, la solitude, parfois sans abri ou souffrant de probl\u00e8mes personnels et sociaux<\/p>\n<p># Lamplighters Children&#8217;s Leukemia-Cancer Foundation<br \/>\nLamplighters Children&#8217;s Leukemia-Cancer Foundation est un groupe volontaire de familles et d&#8217;amis travaillant en marge du Montreal Children&#8217;s Hospital. Ils viennent en aide aux enfants souffrant de malaises chroniques en leur fournissant le meilleur environnement d&#8217;\u00e9panouissement possible. Parmis leur r\u00e9alisations, notons une clinique externe de traitement du cancer et l&#8217;achat de plusieurs \u00e9quipements sp\u00e9cialis\u00e9s.<\/p>\n<p># Le centre Lansdowne<br \/>\nThe Lansdowne Center, aura aid\u00e9 des \u00e9l\u00e8ves, de la garderie \u00e0 l&#8217;\u00e9cole secondaire, en passant par l&#8217;\u00e9l\u00e9mentaire, le CEGEP, et l&#8217;universit\u00e9, de langue anglaise ou fran\u00e7aise, \u00e0 Montreal et dans l&#8217;Ouest-de-l&#8217;Ile, ayant des difficult\u00e9s avec les travaux scolaires et devoirs du soir. Leurs services sont efferts par des enseignants form\u00e9s en difficult\u00e9 d&#8217;apprentissage. Travaillant \u00e0 un ratio d&#8217;un \u00e9l\u00e8ve par tuteur, avec un programme individualis\u00e9 sp\u00e9cialement ax\u00e9 sur les besoins de l&#8217;\u00e9l\u00e8ve, ils voient \u00e0 leur combler ce qui leur est n\u00e9cessaire afin de compl\u00e9ter leur \u00e9tudes avec brio.<\/p>\n<p># Le Roc<br \/>\nLe Roc est un organisme qui travaille aupr\u00e8s de jeunes de la rue dans un refuge situ\u00e9 au centre-ville de Montreal.<\/p>\n<p># La Mission communautaire de Montreal<br \/>\nLa Mission communautaire de Montreal fait partie du r\u00e9seau de l&#8217;\u00c9glise unie qui soutient des programmes et des services ayant trait \u00e0 la promotion de la justice sociale chez les personnes \u00e0 faibles revenus habitant \u00e0 Montreal. Le r\u00e9seau comprend des r\u00e9fugi\u00e9s, des familles, des personnes vivant avec le VIH et des gens sans emplois.<\/p>\n<p># Centre d&#8217;\u00e9locution Montreal (Montreal)<br \/>\nLe Centre d&#8217;\u00e9locution Montreal est une institution \u00e0 buts non-lucratifs cr\u00e9\u00e9e pour offrir des programmes cliniques aux enfants aux prises avec des difficult\u00e9s d&#8217;\u00e9locution ou de langage, et des probl\u00e8mes connexes<\/p>\n<p># La Fondation pour l&#8217;excellence en arts de la chorale Montreal Jubilation Gospel Choir<br \/>\nLa fondation fut cr\u00e9\u00e9e en 1995 en l&#8217;honneur du regrett\u00e9 r\u00e9v\u00e9rend Dr Charles H. Este, ayant offici\u00e9 \u00e0 l&#8217;\u00e9glise Union United Church, \u00e0 Saint-Henri, de 1923 \u00e0 1968. C&#8217;est en ces lieux que na\u00eet la chorale Montreal Jubilation Gospel Choir, en septembre 1982. La fondation r\u00e9compense et encourage les \u00e9l\u00e8ves qui se distinguent par l&#8217;excellence de leur travail dans le domaine des arts.<\/p>\n<p># La jeunesse de Montreal pour le Christ<br \/>\nExcellence et innovation en pastorale jeunesse<\/p>\n<p>Activit\u00e9s<br \/>\nPastorale dans la rue: Centres de collecte de dons et initiatives communautaires en collaboration avec d&#8217;autres organismes et groupes religieux.<br \/>\n\u00c9coles secondaires: Aller dans les \u00e9coles par le biais de groupes de discussion, d&#8217;\u00e9v\u00e9nements, de pr\u00e9sentations (M.R.E.) en classe et de pastorale individuelle.<br \/>\nArts de la sc\u00e8ne: Faire conna\u00eetre la Bonne Parole \u00e0 travers la musique et le th\u00e9\u00e2tre, aborder des sujets qui int\u00e9ressent les adolescents; offrir de la formation aux jeunes participant aux activit\u00e9s.<br \/>\nPastorale satellite: Favoriser le d\u00e9velopement de programmes locaux d&#8217;entraide dans d&#8217;autres communaut\u00e9s. Nous travaillons actuellement dans les Cantons de l&#8217;Est et dans la ville de Ch\u00e2teauguay.<br \/>\nPastorale ressource: Aider les \u00e9glises, les chefs de files et les parents dans leur propre pastorale aupr\u00e8s des adolescents.<\/p>\n<p>Affiliation<br \/>\nLa jeunesse de Montreal pour le Christ (Montreal Y.F.C.) est un organisme non confessionnel qui d\u00e9fend tout de m\u00eame certaines valeurs fondamentales. Le personnel, les membres du conseil d&#8217;administration et les b\u00e9n\u00e9voles proviennent de confessions chr\u00e9tiennes diverses. Les travailleurs que nous recrutons ont en commun d&#8217;aimer les adolescents et de reconna\u00eetre en J\u00e9sus-Christ le Seigneur r\u00e9dempteur de leur vie.<\/p>\n<p>Financement<br \/>\nLe travail de pastorale de l&#8217;organisme fonctionne uniquement gr\u00e2ce aux dons. Notre personnel assure sa propre subsistance gr\u00e2ce au soutien financier de particuliers et d&#8217;\u00e9glises. L&#8217;organisme obtient son financement g\u00e9n\u00e9ral de la m\u00eame fa\u00e7on.<\/p>\n<p># Fondation Share the Warmth<br \/>\nFondation Share the Warmth est une organisation \u00e0 but non lucratif, fond\u00e9e en 1990 afin de venir en aide aux sans-abri, par l&#8217;apport de victuailles et de v\u00eatements. Aujourd&#8217;hui, elle assiste plus de 3 000 sans-abris par mois incluant ceux qui sont b\u00e9n\u00e9ficiaires de l&#8217;aide-sociale, retra\u00eet\u00e9s, et \u00e9l\u00e8ves souffrant d&#8217;une mauvaise nutrition. La fondation vient en aide \u00e0 la client\u00e8le du sud-ouest de Montreal, incluant Pointe St-Charles, La petite Bourgogne, St-Henri, Verdun et Notre-Dame-de-Gr\u00e2ce.<\/p>\n<p># St-James United Church Drop-In Center<br \/>\nCe point de cueillette est en op\u00e9ration depuis plus de 10 ans. Ce programme communautaire aura offert plus de 15 000 repas par an aux sans-abris et n\u00e9cessiteux de Montreal.<\/p>\n<p># Youth in Motion<br \/>\nIl s&#8217;agit d&#8217;un Centre Communautaire sans but lucratif situ\u00e9 dans le quartier la Petite Bourgogne \u00e0 Montreal. Au cours des sept derni\u00e8res ann\u00e9es, ce centre a offert diff\u00e9rents programmes ainsi que des activit\u00e9s inter culturels, \u00e9ducatifs et socio-r\u00e9cr\u00e9atifs aupr\u00e8s de jeunes \u00e2g\u00e9s entre 12 et 17 ans.<\/p>\n<p># VSO Canada<br \/>\nCet organisme permet \u00e0 des hommes et des femmes de travailler b\u00e9n\u00e9volement aupr\u00e8s des gens dans des pays d\u00e9favoris\u00e9s. Leur but est de leur donner des habilet\u00e9s et des outils pour qu&#8217;ils se prennent en main. De plus, l&#8217;organisme fait la promotion au niveau international pour que les gens apprennent \u00e0 mieux se conna\u00eetre et que nos actions n&#8217;aient comme unique but d&#8217;obtenir un monde plus \u00e9quitable.<\/p>\n<p>Pour plus d&#8217;information sur cet organisme voir: http:\/\/www.vso.com <\/p>\n","protected":false},"excerpt":{"rendered":"<p># Aub\u00e8rge Madeleine Un centre pour les femmes en difficult\u00e9s. Victimes de maladies mentales, d&#8217;abus de substances toxiques, sans abris ou victimes de violence conjuguale peuvent trouver refuge \u00e0 l&#8217;Aub\u00e8rge pour le support et l&#8217;encouragement d&#8217;un personnel d\u00e9vou\u00e9 et qualifi\u00e9 en intervention sociale. # Centre d&#8217;\u00e9coute et de soutien Face \u00e0 Face Le centre d&#8217;\u00e9coute &hellip; <a href=\"https:\/\/jubilationchoir.com\/fr\/choeur\/implication-social\/levee-de-fonds-1999\/\">Continued<\/a><\/p>\n","protected":false},"author":6,"featured_media":0,"parent":1610,"menu_order":0,"comment_status":"closed","ping_status":"closed","template":"template-page.php","meta":{"_acf_changed":false,"footnotes":""},"class_list":["post-1731","page","type-page","status-publish","hentry"],"acf":[],"_links":{"self":[{"href":"https:\/\/jubilationchoir.com\/fr\/wp-json\/wp\/v2\/pages\/1731\/"}],"collection":[{"href":"https:\/\/jubilationchoir.com\/fr\/wp-json\/wp\/v2\/pages\/"}],"about":[{"href":"https:\/\/jubilationchoir.com\/fr\/wp-json\/wp\/v2\/types\/page\/"}],"author":[{"embeddable":true,"href":"https:\/\/jubilationchoir.com\/fr\/wp-json\/wp\/v2\/users\/6\/"}],"replies":[{"embeddable":true,"href":"https:\/\/jubilationchoir.com\/fr\/wp-json\/wp\/v2\/comments\/?post=1731"}],"version-history":[{"count":0,"href":"https:\/\/jubilationchoir.com\/fr\/wp-json\/wp\/v2\/pages\/1731\/revisions\/"}],"up":[{"embeddable":true,"href":"https:\/\/jubilationchoir.com\/fr\/wp-json\/wp\/v2\/pages\/1610\/"}],"wp:attachment":[{"href":"https:\/\/jubilationchoir.com\/fr\/wp-json\/wp\/v2\/media\/?parent=1731"}],"curies":[{"name":"wp","href":"https:\/\/api.w.org\/{rel}","templated":true}]}}