{"id":1737,"date":"2016-09-07T15:25:51","date_gmt":"2016-09-07T15:25:51","guid":{"rendered":"http:\/\/simple-sidewalk.flywheelsites.com\/fr\/?page_id=1737"},"modified":"2016-09-07T15:26:11","modified_gmt":"2016-09-07T15:26:11","slug":"levee-de-fonds-2000","status":"publish","type":"page","link":"https:\/\/jubilationchoir.com\/fr\/choeur\/implication-social\/levee-de-fonds-2000\/","title":{"rendered":"Lev\u00e9e de fonds 2000"},"content":{"rendered":"<p># \u00c9ducation Plus: une \u00e9cole secondaire diff\u00e9rente<br \/>\nApprendre aux \u00e9tudiants \u00e0 faire des choix critiques<br \/>\nL&#8217;\u00e9cole \u00c9ducation Plus cherche \u00e0 motiver les jeunes d\u00e9crocheurs. Nos professeurs accordent une attention particuli\u00e8re et sp\u00e9cifique aux diff\u00e9rents besoins de chacun de nos \u00e9tudiants. Nos \u00e9l\u00e8ves ont en commun une profonde soif d&#8217;apprendre, chacun \u00e0 son rythme et \u00e0 sa fa\u00e7on. Nous avons la chance d&#8217;\u00eatre second\u00e9s par une \u00e9quipe de motivateurs de talent qui poss\u00e8dent tous le d\u00e9sir et la patience n\u00e9cessaires pour permettre aux \u00e9tudiants de s&#8217;en sortir et d&#8217;exceller.<\/p>\n<p># La Fondation pour l&#8217;excellence en arts de la chorale Montreal Jubilation Gospel Choir<br \/>\nLa fondation fut cr\u00e9\u00e9e en 1995 en l&#8217;honneur du regrett\u00e9 r\u00e9v\u00e9rend Dr Charles H. Este, ayant offici\u00e9 \u00e0 l&#8217;\u00e9glise Union United Church, \u00e0 Saint-Henri, de 1923 \u00e0 1968. C&#8217;est en ces lieux que na\u00eet la chorale Montreal Jubilation Gospel Choir, en septembre 1982. La fondation r\u00e9compense et encourage les \u00e9l\u00e8ves qui se distinguent par l&#8217;excellence de leur travail dans le domaine des arts.<\/p>\n<p># St-James United Church Drop-In Center<br \/>\nCe point de cueillette est en op\u00e9ration depuis plus de 10 ans. Ce programme communautaire aura offert plus de 15 000 repas par an aux sans-abris et n\u00e9cessiteux de Montreal.<\/p>\n","protected":false},"excerpt":{"rendered":"<p># \u00c9ducation Plus: une \u00e9cole secondaire diff\u00e9rente Apprendre aux \u00e9tudiants \u00e0 faire des choix critiques L&#8217;\u00e9cole \u00c9ducation Plus cherche \u00e0 motiver les jeunes d\u00e9crocheurs. Nos professeurs accordent une attention particuli\u00e8re et sp\u00e9cifique aux diff\u00e9rents besoins de chacun de nos \u00e9tudiants. Nos \u00e9l\u00e8ves ont en commun une profonde soif d&#8217;apprendre, chacun \u00e0 son rythme et \u00e0 &hellip; <a href=\"https:\/\/jubilationchoir.com\/fr\/choeur\/implication-social\/levee-de-fonds-2000\/\">Continued<\/a><\/p>\n","protected":false},"author":6,"featured_media":0,"parent":1610,"menu_order":0,"comment_status":"closed","ping_status":"closed","template":"template-page.php","meta":{"_acf_changed":false,"footnotes":""},"class_list":["post-1737","page","type-page","status-publish","hentry"],"acf":[],"_links":{"self":[{"href":"https:\/\/jubilationchoir.com\/fr\/wp-json\/wp\/v2\/pages\/1737\/"}],"collection":[{"href":"https:\/\/jubilationchoir.com\/fr\/wp-json\/wp\/v2\/pages\/"}],"about":[{"href":"https:\/\/jubilationchoir.com\/fr\/wp-json\/wp\/v2\/types\/page\/"}],"author":[{"embeddable":true,"href":"https:\/\/jubilationchoir.com\/fr\/wp-json\/wp\/v2\/users\/6\/"}],"replies":[{"embeddable":true,"href":"https:\/\/jubilationchoir.com\/fr\/wp-json\/wp\/v2\/comments\/?post=1737"}],"version-history":[{"count":0,"href":"https:\/\/jubilationchoir.com\/fr\/wp-json\/wp\/v2\/pages\/1737\/revisions\/"}],"up":[{"embeddable":true,"href":"https:\/\/jubilationchoir.com\/fr\/wp-json\/wp\/v2\/pages\/1610\/"}],"wp:attachment":[{"href":"https:\/\/jubilationchoir.com\/fr\/wp-json\/wp\/v2\/media\/?parent=1737"}],"curies":[{"name":"wp","href":"https:\/\/api.w.org\/{rel}","templated":true}]}}