{"id":1743,"date":"2016-09-07T15:26:52","date_gmt":"2016-09-07T15:26:52","guid":{"rendered":"http:\/\/simple-sidewalk.flywheelsites.com\/fr\/?page_id=1743"},"modified":"2016-09-07T15:27:03","modified_gmt":"2016-09-07T15:27:03","slug":"levee-de-fonds-2001","status":"publish","type":"page","link":"https:\/\/jubilationchoir.com\/fr\/choeur\/implication-social\/levee-de-fonds-2001\/","title":{"rendered":"Lev\u00e9e de fonds 2001"},"content":{"rendered":"<p># Aub\u00e8rge Madeleine<br \/>\nUn centre pour les femmes en difficult\u00e9s. Victimes de maladies mentales, d&#8217;abus de substances toxiques, sans abris ou victimes de violence conjuguale peuvent trouver refuge \u00e0 l&#8217;Aub\u00e8rge pour le support et l&#8217;encouragement d&#8217;un personnel d\u00e9vou\u00e9 et qualifi\u00e9 en intervention sociale.<\/p>\n<p># \u00c9ducation Plus: une \u00e9cole secondaire diff\u00e9rente<br \/>\nApprendre aux \u00e9tudiants \u00e0 faire des choix critiques<br \/>\nL&#8217;\u00e9cole \u00c9ducation Plus cherche \u00e0 motiver les jeunes d\u00e9crocheurs. Nos professeurs accordent une attention particuli\u00e8re et sp\u00e9cifique aux diff\u00e9rents besoins de chacun de nos \u00e9tudiants. Nos \u00e9l\u00e8ves ont en commun une profonde soif d&#8217;apprendre, chacun \u00e0 son rythme et \u00e0 sa fa\u00e7on. Nous avons la chance d&#8217;\u00eatre second\u00e9s par une \u00e9quipe de motivateurs de talent qui poss\u00e8dent tous le d\u00e9sir et la patience n\u00e9cessaires pour permettre aux \u00e9tudiants de s&#8217;en sortir et d&#8217;exceller.<\/p>\n<p># Lamplighters Children&#8217;s Leukemia-Cancer Foundation<br \/>\nLamplighters Children&#8217;s Leukemia-Cancer Foundation est un groupe volontaire de familles et d&#8217;amis travaillant en marge du Montreal Children&#8217;s Hospital. Ils viennent en aide aux enfants souffrant de malaises chroniques en leur fournissant le meilleur environnement d&#8217;\u00e9panouissement possible. Parmis leur r\u00e9alisations, notons une clinique externe de traitement du cancer et l&#8217;achat de plusieurs \u00e9quipements sp\u00e9cialis\u00e9s.<\/p>\n<p># La Mission communautaire de Montreal<br \/>\nLa Mission communautaire de Montreal fait partie du r\u00e9seau de l&#8217;\u00c9glise unie qui soutient des programmes et des services ayant trait \u00e0 la promotion de la justice sociale chez les personnes \u00e0 faibles revenus habitant \u00e0 Montreal. Le r\u00e9seau comprend des r\u00e9fugi\u00e9s, des familles, des personnes vivant avec le VIH et des gens sans emplois<\/p>\n<p># La Fondation pour l&#8217;excellence en arts de la chorale Montreal Jubilation Gospel Choir<br \/>\nLa fondation fut cr\u00e9\u00e9e en 1995 en l&#8217;honneur du regrett\u00e9 r\u00e9v\u00e9rend Dr Charles H. Este, ayant offici\u00e9 \u00e0 l&#8217;\u00e9glise Union United Church, \u00e0 Saint-Henri, de 1923 \u00e0 1968. C&#8217;est en ces lieux que na\u00eet la chorale Montreal Jubilation Gospel Choir, en septembre 1982. La fondation r\u00e9compense et encourage les \u00e9l\u00e8ves qui se distinguent par l&#8217;excellence de leur travail dans le domaine des arts.<\/p>\n<p># Fondation Share the Warmth<br \/>\nFondation Share the Warmth est une organisation \u00e0 but non lucratif, fond\u00e9e en 1990 afin de venir en aide aux sans-abri, par l&#8217;apport de victuailles et de v\u00eatements. Aujourd&#8217;hui, elle assiste plus de 3 000 sans-abris par mois incluant ceux qui sont b\u00e9n\u00e9ficiaires de l&#8217;aide-sociale, retra\u00eet\u00e9s, et \u00e9l\u00e8ves souffrant d&#8217;une mauvaise nutrition. La fondation vient en aide \u00e0 la client\u00e8le du sud-ouest de Montreal, incluant Pointe St-Charles, La petite Bourgogne, St-Henri, Verdun et Notre-Dame-de-Gr\u00e2ce.<\/p>\n","protected":false},"excerpt":{"rendered":"<p># Aub\u00e8rge Madeleine Un centre pour les femmes en difficult\u00e9s. Victimes de maladies mentales, d&#8217;abus de substances toxiques, sans abris ou victimes de violence conjuguale peuvent trouver refuge \u00e0 l&#8217;Aub\u00e8rge pour le support et l&#8217;encouragement d&#8217;un personnel d\u00e9vou\u00e9 et qualifi\u00e9 en intervention sociale. # \u00c9ducation Plus: une \u00e9cole secondaire diff\u00e9rente Apprendre aux \u00e9tudiants \u00e0 faire &hellip; <a href=\"https:\/\/jubilationchoir.com\/fr\/choeur\/implication-social\/levee-de-fonds-2001\/\">Continued<\/a><\/p>\n","protected":false},"author":6,"featured_media":0,"parent":1610,"menu_order":0,"comment_status":"closed","ping_status":"closed","template":"template-page.php","meta":{"_acf_changed":false,"footnotes":""},"class_list":["post-1743","page","type-page","status-publish","hentry"],"acf":[],"_links":{"self":[{"href":"https:\/\/jubilationchoir.com\/fr\/wp-json\/wp\/v2\/pages\/1743\/"}],"collection":[{"href":"https:\/\/jubilationchoir.com\/fr\/wp-json\/wp\/v2\/pages\/"}],"about":[{"href":"https:\/\/jubilationchoir.com\/fr\/wp-json\/wp\/v2\/types\/page\/"}],"author":[{"embeddable":true,"href":"https:\/\/jubilationchoir.com\/fr\/wp-json\/wp\/v2\/users\/6\/"}],"replies":[{"embeddable":true,"href":"https:\/\/jubilationchoir.com\/fr\/wp-json\/wp\/v2\/comments\/?post=1743"}],"version-history":[{"count":0,"href":"https:\/\/jubilationchoir.com\/fr\/wp-json\/wp\/v2\/pages\/1743\/revisions\/"}],"up":[{"embeddable":true,"href":"https:\/\/jubilationchoir.com\/fr\/wp-json\/wp\/v2\/pages\/1610\/"}],"wp:attachment":[{"href":"https:\/\/jubilationchoir.com\/fr\/wp-json\/wp\/v2\/media\/?parent=1743"}],"curies":[{"name":"wp","href":"https:\/\/api.w.org\/{rel}","templated":true}]}}