{"id":1750,"date":"2016-09-07T15:30:11","date_gmt":"2016-09-07T15:30:11","guid":{"rendered":"http:\/\/simple-sidewalk.flywheelsites.com\/fr\/?page_id=1750"},"modified":"2016-09-07T16:48:24","modified_gmt":"2016-09-07T16:48:24","slug":"levee-de-fonds-2007","status":"publish","type":"page","link":"https:\/\/jubilationchoir.com\/fr\/choeur\/implication-social\/levee-de-fonds-2007\/","title":{"rendered":"Lev\u00e9e de fonds 2007"},"content":{"rendered":"<table class=\"contentpaneopen\">\n<tbody>\n<tr>\n<td valign=\"top\">\n<div align=\"center\"><b><i><\/i><\/b><b><span style=\"font-family: times new roman,times;\"><i>C&#8217;est avec fiert\u00e9 que le Montr\u00e9al Jubilation Choir<\/i><\/span><\/b><\/div>\n<div align=\"center\"><b><span style=\"font-family: times new roman,times;\"><i>fit don des recettes du concert de vendredi<\/i><\/span><\/b><\/div>\n<div align=\"center\"><b><span style=\"font-family: times new roman,times;\"><i>de la C\u00e9l\u00e9bration 2007<\/i><\/span><\/b><\/div>\n<div align=\"center\"><b><span style=\"font-family: times new roman,times;\"><i>aux organisations suivantes :<\/i><\/span><\/b><\/div>\n<div align=\"center\"><\/div>\n<div align=\"center\"><img decoding=\"async\" src=\"\/images\/stories\/outreach\/dans_la_rue.jpg\" width=\"300\" \/><\/div>\n<div align=\"center\"><\/div>\n<div align=\"center\"><span style=\"font-family: Times New Roman; color: #cc9966; font-size: small;\"><span style=\"font-family: Times New Roman; color: #cc9966; font-size: small;\"><b><span style=\"font-size: x-small;\"> <a href=\"http:\/\/www.bbbsofwi.org\/fr\/Home\/default.aspx\" target=\"_blank\"><br \/>\n<i><b>Grands Fr\u00e8res, Grand Soeurs de l&#8217;Ouest de l&#8217;Ile<\/b><\/i><\/a><\/span><\/b><\/span><\/span>&nbsp;<\/p>\n<p><span style=\"font-family: Times New Roman; color: #cc9966; font-size: small;\"><b><span style=\"font-size: x-small;\"><i><b><\/b><\/i><br \/>\n<\/span><\/b><\/span><\/div>\n<div align=\"center\"><span style=\"font-family: Times New Roman; color: #cc9966; font-size: small;\"><b><span style=\"font-size: x-small;\"><br \/>\n<a href=\"http:\/\/www.danslarue.com\/index1.html\" target=\"_blank\"><br \/>\n<i><b>Dans la Rue<\/b><\/i><\/a><br \/>\n<\/span><\/b><\/span><\/div>\n<p>&nbsp;<\/p>\n<p>&nbsp;<\/p>\n<div align=\"center\"><span style=\"font-family: Times New Roman; color: #cc9966; font-size: small;\"><b><span style=\"font-size: x-small;\"><br \/>\n<a href=\"http:\/\/www.headandhands.ca\/\" target=\"_blank\"><br \/>\n<i><b>\u00c5 Deux Mains<\/b><\/i><\/a><br \/>\n<\/span><\/b><\/span><\/div>\n<p>&nbsp;<\/p>\n<p>&nbsp;<\/p>\n<div align=\"center\"><span style=\"font-family: Times New Roman; color: #cc9966; font-size: small;\"><b><span style=\"font-size: x-small;\"><br \/>\n<a href=\"http:\/\/www.hema-quebec.qc.ca\/francais\/index.htm\" target=\"_blank\"><br \/>\n<i><b>H\u00e9ma-Qu\u00e9bec<\/b><\/i><\/a><br \/>\n<\/span><\/b><\/span><\/div>\n<p>&nbsp;<\/p>\n<p>&nbsp;<\/p>\n<div align=\"center\"><span style=\"font-family: Times New Roman; color: #cc9966; font-size: small;\"><b><span style=\"font-size: x-small;\"><br \/>\n<a href=\"http:\/\/www.jeunessejecoute.ca\/fr\/images\/home_fr.gif\" target=\"_blank\"><br \/>\n<i><b>Jeunesse J&#8217;\u00e9coute<\/b><\/i><\/a><br \/>\n<\/span><\/b><\/span><\/div>\n<p>&nbsp;<\/p>\n<p>&nbsp;<\/p>\n<div align=\"center\"><span style=\"font-family: Times New Roman; color: #cc9966; font-size: small;\"><b><span style=\"font-size: x-small;\"> <a href=\"http:\/\/www.lemontroyal.qc.ca\/fr\" target=\"_blank\"><br \/>\n<b><i>Le Mont Royal<br \/>\nLes amis de la Montagne<\/i><\/b><\/a><\/span><\/b><\/span><\/div>\n<p>&nbsp;<\/p>\n<div align=\"center\"><span style=\"font-family: Times New Roman; color: #cc9966; font-size: small;\"><b><span style=\"font-size: x-small;\"><a href=\"http:\/\/www.mcl-bjm.ca\/\" target=\"_blank\"><b><i><br \/>\nBiblioth\u00e8que des jeunes de Montr\u00e9al<\/i><\/b><\/a><\/span><\/b><\/span><\/div>\n<p>&nbsp;<\/p>\n<div align=\"center\"><span style=\"font-family: Times New Roman; color: #cc9966; font-size: small;\"><b><span style=\"font-size: x-small;\"> <a href=\"http:\/\/www.montrealcitymission.org\/\" target=\"_blank\"><br \/>\n<b><i>Mission Communautaire de Montr\u00e9al<\/i>.<\/b><\/a><\/span><\/b><\/span><\/div>\n<div align=\"center\"><\/div>\n<div align=\"center\"><\/div>\n<p>&nbsp;<\/p>\n<p>&nbsp;<\/p>\n<div align=\"center\"><span style=\"font-family: Times New Roman; color: #cc9966; font-size: small;\"><b><span style=\"font-size: x-small;\"> <a href=\"http:\/\/www.oldbrewerymission.ca\/donatefr.html\" target=\"_blank\"><br \/>\n<b><i>Mission Old Brewery<\/i><\/b><\/a><\/span><\/b><\/span><\/div>\n<p>&nbsp;<\/p>\n<div align=\"center\"><span style=\"font-family: Times New Roman; color: #cc9966; font-size: small;\"><b><span style=\"font-size: x-small;\"><a href=\"http:\/\/www.saintcolumbahouse.org\/fr\/\" target=\"_blank\"><br \/>\n<b><i>Maison Saint Columba<\/i><\/b><\/a><\/span><\/b><\/span><\/div>\n<p>&nbsp;<\/p>\n<div align=\"center\"><span style=\"font-family: Times New Roman; color: #cc9966; font-size: small;\"><b><span style=\"font-size: x-small;\"> <a href=\"http:\/\/www.partageonslespoir.ca\/\" target=\"_blank\"><br \/>\n<b><i>Fondation Partageons l&#8217;espoir<\/i><\/b><\/a><\/span><\/b><\/span><\/div>\n<p>&nbsp;<\/p>\n<p>&nbsp;<\/p>\n<div align=\"center\"><span style=\"font-family: Times New Roman; color: #cc9966; font-size: small;\"><b><span style=\"font-size: x-small;\"> <a href=\"http:\/\/www.shieldofathena.com\/\" target=\"_blank\"><br \/>\n<b><i>Shield of Athena<\/i><\/b><\/a><\/span><\/b><\/span><\/div>\n<p>&nbsp;<\/p>\n<div align=\"center\"><span style=\"font-family: Times New Roman; color: #cc9966; font-size: small;\"><b><span style=\"font-size: x-small;\"> <a href=\"http:\/\/www.johnbrebeuf.ca\/faithfirst.html\" target=\"_blank\"><br \/>\n<b><i>St. John Br\u00e9beuf Parish<\/i><\/b><\/a><\/span><\/b><\/span><\/div>\n<p>&nbsp;<\/p>\n<p>&nbsp;<\/p>\n<div align=\"center\"><span style=\"font-family: Times New Roman; color: #cc9966; font-size: small;\"><b><span style=\"font-size: x-small;\"> <a href=\"http:\/\/www.sunyouthorg.com\/\" target=\"_blank\"><br \/>\n<b><i>Jeunesse au Soleil<\/i><\/b><\/a><\/span><\/b><\/span><\/div>\n<p>&nbsp;<\/p>\n<div align=\"center\"><span style=\"font-family: Times New Roman; color: #cc9966; font-size: small;\"><b><span style=\"font-size: x-small;\"> <a href=\"http:\/\/www.tyndalestgeorges.ca\/\" target=\"_blank\"><br \/>\n<b><i>Centre Communautaire Tyndale St-Georges<\/i><\/b><\/a><\/span><\/b><\/span><\/div>\n<p>&nbsp;<\/p>\n<div align=\"center\"><span style=\"font-family: Times New Roman; color: #cc9966; font-size: small;\"><b><span style=\"font-size: x-small;\"> <a href=\"http:\/\/www.missionbonaccueil.com\/fr\/index.php\" target=\"_blank\"><br \/>\n<b><i>Mission Bon Accueil<\/i><\/b><\/a><\/span><\/b><\/span><\/div>\n<p>&nbsp;<\/p>\n<div align=\"center\"><span style=\"font-family: Times New Roman; color: #cc9966; font-size: small;\"><b><span style=\"font-size: x-small;\"> <a href=\"http:\/\/www.partage-share.com\/french\/home\/default.asp?s=1\" target=\"_blank\"><br \/>\n<b><i>Partage-Action de l&#8217;Ouest-de-l&#8217;\u00cele<\/i><\/b><\/a><\/span><\/b><\/span><\/div>\n<p>&nbsp;<\/p>\n<div align=\"center\"><span style=\"font-family: Times New Roman; color: #cc9966; font-size: small;\"><b><span style=\"font-size: x-small;\"> <a href=\"http:\/\/www.chssn.org\/en\/west_island.html\" target=\"_blank\"><br \/>\n<b><i>West Island Palliative Care Service<\/i><\/b><\/a><\/span><\/b><\/span><\/div>\n<p>&nbsp;<\/td>\n<\/tr>\n<\/tbody>\n<\/table>\n","protected":false},"excerpt":{"rendered":"<p>C&#8217;est avec fiert\u00e9 que le Montr\u00e9al Jubilation Choir fit don des recettes du concert de vendredi de la C\u00e9l\u00e9bration 2007 aux organisations suivantes : Grands Fr\u00e8res, Grand Soeurs de l&#8217;Ouest de l&#8217;Ile&nbsp; Dans la Rue &nbsp; &nbsp; \u00c5 Deux Mains &nbsp; &nbsp; H\u00e9ma-Qu\u00e9bec &nbsp; &nbsp; Jeunesse J&#8217;\u00e9coute &nbsp; &nbsp; Le Mont Royal Les amis de &hellip; <a href=\"https:\/\/jubilationchoir.com\/fr\/choeur\/implication-social\/levee-de-fonds-2007\/\">Continued<\/a><\/p>\n","protected":false},"author":6,"featured_media":0,"parent":1610,"menu_order":0,"comment_status":"closed","ping_status":"closed","template":"template-page.php","meta":{"_acf_changed":false,"footnotes":""},"class_list":["post-1750","page","type-page","status-publish","hentry"],"acf":[],"_links":{"self":[{"href":"https:\/\/jubilationchoir.com\/fr\/wp-json\/wp\/v2\/pages\/1750\/"}],"collection":[{"href":"https:\/\/jubilationchoir.com\/fr\/wp-json\/wp\/v2\/pages\/"}],"about":[{"href":"https:\/\/jubilationchoir.com\/fr\/wp-json\/wp\/v2\/types\/page\/"}],"author":[{"embeddable":true,"href":"https:\/\/jubilationchoir.com\/fr\/wp-json\/wp\/v2\/users\/6\/"}],"replies":[{"embeddable":true,"href":"https:\/\/jubilationchoir.com\/fr\/wp-json\/wp\/v2\/comments\/?post=1750"}],"version-history":[{"count":0,"href":"https:\/\/jubilationchoir.com\/fr\/wp-json\/wp\/v2\/pages\/1750\/revisions\/"}],"up":[{"embeddable":true,"href":"https:\/\/jubilationchoir.com\/fr\/wp-json\/wp\/v2\/pages\/1610\/"}],"wp:attachment":[{"href":"https:\/\/jubilationchoir.com\/fr\/wp-json\/wp\/v2\/media\/?parent=1750"}],"curies":[{"name":"wp","href":"https:\/\/api.w.org\/{rel}","templated":true}]}}