{"id":1756,"date":"2016-09-07T15:33:00","date_gmt":"2016-09-07T15:33:00","guid":{"rendered":"http:\/\/simple-sidewalk.flywheelsites.com\/fr\/?page_id=1756"},"modified":"2016-09-07T15:33:00","modified_gmt":"2016-09-07T15:33:00","slug":"levee-de-fond-2009","status":"publish","type":"page","link":"https:\/\/jubilationchoir.com\/fr\/choeur\/implication-social\/levee-de-fond-2009\/","title":{"rendered":"Lev\u00e9e de Fond 2009"},"content":{"rendered":"<table class=\"contentpaneopen\">\n<tbody>\n<tr>\n<td valign=\"top\">\n<p style=\"text-align: center;\">C&#8217;est avec fiert\u00e9 que le Montr\u00e9al Jubilation Choir<br \/>\nfera don des recettes du concert de dimanche<br \/>\nde la C\u00e9l\u00e9bration 2009<br \/>\naux organisations suivantes :<\/p>\n<p style=\"text-align: center;\"><img decoding=\"async\" src=\"http:\/\/archives.jubilationchoir.com\/images\/stories\/outreach\/specialolympics.jpg\" alt=\"\" \/><\/p>\n<p style=\"text-align: center;\"><a href=\"http:\/\/www.olympiquesspeciaux.qc.ca\/index_fr.aspx\" target=\"_blank\">Olympiques Sp\u00e9ciaux Qu\u00e9bec<\/a><\/p>\n<p style=\"text-align: center;\">\n<p style=\"text-align: center;\">\n<p style=\"text-align: center;\"><img decoding=\"async\" src=\"http:\/\/archives.jubilationchoir.com\/images\/stories\/outreach\/amiquebec.jpg\" alt=\"\" \/><\/p>\n<p style=\"text-align: center;\"><a href=\"http:\/\/www.amiquebec.org\/\" target=\"_blank\">Amiqu\u00e9bec<\/a><\/p>\n<\/td>\n<\/tr>\n<\/tbody>\n<\/table>\n","protected":false},"excerpt":{"rendered":"<p>C&#8217;est avec fiert\u00e9 que le Montr\u00e9al Jubilation Choir fera don des recettes du concert de dimanche de la C\u00e9l\u00e9bration 2009 aux organisations suivantes : Olympiques Sp\u00e9ciaux Qu\u00e9bec Amiqu\u00e9bec<\/p>\n","protected":false},"author":6,"featured_media":0,"parent":1610,"menu_order":0,"comment_status":"closed","ping_status":"closed","template":"template-page.php","meta":{"_acf_changed":false,"footnotes":""},"class_list":["post-1756","page","type-page","status-publish","hentry"],"acf":[],"_links":{"self":[{"href":"https:\/\/jubilationchoir.com\/fr\/wp-json\/wp\/v2\/pages\/1756\/"}],"collection":[{"href":"https:\/\/jubilationchoir.com\/fr\/wp-json\/wp\/v2\/pages\/"}],"about":[{"href":"https:\/\/jubilationchoir.com\/fr\/wp-json\/wp\/v2\/types\/page\/"}],"author":[{"embeddable":true,"href":"https:\/\/jubilationchoir.com\/fr\/wp-json\/wp\/v2\/users\/6\/"}],"replies":[{"embeddable":true,"href":"https:\/\/jubilationchoir.com\/fr\/wp-json\/wp\/v2\/comments\/?post=1756"}],"version-history":[{"count":0,"href":"https:\/\/jubilationchoir.com\/fr\/wp-json\/wp\/v2\/pages\/1756\/revisions\/"}],"up":[{"embeddable":true,"href":"https:\/\/jubilationchoir.com\/fr\/wp-json\/wp\/v2\/pages\/1610\/"}],"wp:attachment":[{"href":"https:\/\/jubilationchoir.com\/fr\/wp-json\/wp\/v2\/media\/?parent=1756"}],"curies":[{"name":"wp","href":"https:\/\/api.w.org\/{rel}","templated":true}]}}