{"id":1773,"date":"2016-09-07T15:41:21","date_gmt":"2016-09-07T15:41:21","guid":{"rendered":"http:\/\/simple-sidewalk.flywheelsites.com\/fr\/?page_id=1773"},"modified":"2016-09-07T15:41:21","modified_gmt":"2016-09-07T15:41:21","slug":"communications-anima","status":"publish","type":"page","link":"https:\/\/jubilationchoir.com\/fr\/choeur\/implication-social\/communications-anima\/","title":{"rendered":"Communications Anima&#8230;"},"content":{"rendered":"<p><a href=\"http:\/\/www.animaltee.ca\/index.php\" target=\"_blank\"><img decoding=\"async\" src=\"http:\/\/archives.jubilationchoir.com\/images\/stories\/outreach\/anima.jpg\" alt=\"alt\" \/><\/a><\/p>\n<p>Communications Anima&#8230; O\u00f9 le succ\u00e8s est une langue courante.<\/p>\n<p>Aimeriez-vous vous sentir plus confiant lorsque vous parlez? Essayez-vous de faire avancer votre carri\u00e8re ou de gravir les \u00e9chelons au travail? Nous pouvons vous aider! Lorsque vous apprenez une nouvelle langue, vous obtenez des r\u00e9sultats plus rapidement avec un plan d\u2019apprentissage de la langue d\u00e9velopp\u00e9 expr\u00e8s pour vous. Depuis 1982, Communications Anima s\u2019est av\u00e9r\u00e9e \u00eatre un leader dans le domaine de la formation linguistique et nos 28 ann\u00e9es de services in\u00e9gal\u00e9s se passent de commentaires. Situ\u00e9s dans l\u2019Ouest de l\u2019\u00cele, nous offrons des programmes de formation priv\u00e9s ou en mini-groupes qui se concentrent sur l\u2019effondrement des craintes et de la timidit\u00e9 vous emp\u00eachant d\u2019atteindre vos buts linguistiques personnels et professionnels. <\/p>\n<p>Communication Anima ne supporte pas l\u2019id\u00e9e d\u2019une formule universelle en enseignement. Nous sommes fiers de notre capacit\u00e9 \u00e0 identifier les besoins linguistiques particuliers de chacun de nos \u00e9tudiants et \u00e0 leur cr\u00e9er des plans de cours ad\u00e9quats. Votre temps et votre argent sont pr\u00e9cieux; pourquoi les gaspiller en participant \u00e0 un cours de groupe comprenant de 15 \u00e0 45 \u00e9tudiants et o\u00f9 votre temps de pratique orale sera restreint au minimum? Une attention personnalis\u00e9e est importante dans nos cours priv\u00e9s autant que dans le format d\u2019instruction en mini-groupe; nos groupes de 3 \u00e0 5 \u00e9tudiants et notre style de formation en conversation assurent une approche rapide, efficace et naturelle \u00e0 l\u2019apprentissage d\u2019une nouvelle langue.  Au bout du compte, la mission de notre centre est d\u2019enseigner aux individus \u00e0 parler l\u2019anglais, le fran\u00e7ais, l\u2019espagnol, l\u2019allemand et le mandarin avec facilit\u00e9 et confiance.   <\/p>\n<p>Pourquoi choisir Communications Anima? Contrairement \u00e0 d\u2019autres instituts linguistiques, Communications Anima offre une combinaison soigneusement \u00e9quilibr\u00e9e de th\u00e9orie et de discussion dans ses classes, ce qui est id\u00e9al pour les professionnels. L\u2019objectif est de s\u2019assurer que l\u2019\u00e9tudiant d\u00e9veloppe un niveau de communication qui lui permette de communiquer facilement et efficacement dans les situations professionnelles et culturelles importantes. Les techniques utilis\u00e9es, semblables \u00e0 celles des programmes de formation des cadres, comprennent donc : des jeux de r\u00f4les, des exercices de simulation, des pr\u00e9sentations, des remue-m\u00e9ninges, des discussions de groupe et de l\u2019expression individuelle. <\/p>\n<p>L\u2019approche de Communications Anima \u00e0 la formation en langue seconde a \u00e9t\u00e9 con\u00e7ue par des professionnels linguistiques et des enseignants pour vous encourager \u00e0 \u00ab ressentir \u00bb et \u00e0 \u00ab vivre \u00bb la langue que vous apprenez. La communication est importante! Combien de fois avez-vous \u00e9vit\u00e9 une conversation avec votre voisin\u2026 \u00e0 cause d\u2019une barri\u00e8re linguistique? Dans des situations sociales, c\u2019est d\u00e9cevant. En affaires, c\u2019est improductif. Communications Anima peut vous aider \u00e0 surmonter cet obstacle linguistique avec des cours con\u00e7us pour maximiser la communication orale et \u00e9crite. Il n\u2019y a pas de liste de phrases types. L\u2019accent est mis sur l\u2019usage quotidien de la langue et sur la discussion anim\u00e9e. Vous apprendrez \u00e0 parler \u00e0 partir du c\u0153ur, pas du livre!<\/p>\n<p><a href=\"http:\/\/www.animaltee.ca\/index.php\" target=\"_blank\">Lire la suite<\/a><\/p>\n","protected":false},"excerpt":{"rendered":"<p>Communications Anima&#8230; O\u00f9 le succ\u00e8s est une langue courante. Aimeriez-vous vous sentir plus confiant lorsque vous parlez? Essayez-vous de faire avancer votre carri\u00e8re ou de gravir les \u00e9chelons au travail? Nous pouvons vous aider! Lorsque vous apprenez une nouvelle langue, vous obtenez des r\u00e9sultats plus rapidement avec un plan d\u2019apprentissage de la langue d\u00e9velopp\u00e9 expr\u00e8s &hellip; <a href=\"https:\/\/jubilationchoir.com\/fr\/choeur\/implication-social\/communications-anima\/\">Continued<\/a><\/p>\n","protected":false},"author":6,"featured_media":0,"parent":1610,"menu_order":0,"comment_status":"closed","ping_status":"closed","template":"template-page.php","meta":{"_acf_changed":false,"footnotes":""},"class_list":["post-1773","page","type-page","status-publish","hentry"],"acf":[],"_links":{"self":[{"href":"https:\/\/jubilationchoir.com\/fr\/wp-json\/wp\/v2\/pages\/1773\/"}],"collection":[{"href":"https:\/\/jubilationchoir.com\/fr\/wp-json\/wp\/v2\/pages\/"}],"about":[{"href":"https:\/\/jubilationchoir.com\/fr\/wp-json\/wp\/v2\/types\/page\/"}],"author":[{"embeddable":true,"href":"https:\/\/jubilationchoir.com\/fr\/wp-json\/wp\/v2\/users\/6\/"}],"replies":[{"embeddable":true,"href":"https:\/\/jubilationchoir.com\/fr\/wp-json\/wp\/v2\/comments\/?post=1773"}],"version-history":[{"count":0,"href":"https:\/\/jubilationchoir.com\/fr\/wp-json\/wp\/v2\/pages\/1773\/revisions\/"}],"up":[{"embeddable":true,"href":"https:\/\/jubilationchoir.com\/fr\/wp-json\/wp\/v2\/pages\/1610\/"}],"wp:attachment":[{"href":"https:\/\/jubilationchoir.com\/fr\/wp-json\/wp\/v2\/media\/?parent=1773"}],"curies":[{"name":"wp","href":"https:\/\/api.w.org\/{rel}","templated":true}]}}