{"id":323,"date":"2016-06-21T21:09:26","date_gmt":"2016-06-21T21:09:26","guid":{"rendered":"http:\/\/simple-sidewalk.flywheelsites.com\/?page_id=323"},"modified":"2018-01-04T18:51:17","modified_gmt":"2018-01-04T18:51:17","slug":"membres-a-vie","status":"publish","type":"page","link":"https:\/\/jubilationchoir.com\/fr\/choeur\/membres-a-vie\/","title":{"rendered":"Membres \u00e0 vie"},"content":{"rendered":"<p>Premi\u00e8re Gospel Choir canadienne \u00e0 \u00eatre reconnu internationalement<\/p>\n","protected":false},"excerpt":{"rendered":"<p>Premi\u00e8re Gospel Choir canadienne \u00e0 \u00eatre reconnu internationalement<\/p>\n","protected":false},"author":6,"featured_media":1353,"parent":127,"menu_order":4,"comment_status":"open","ping_status":"open","template":"template-lifetime_members.php","meta":{"_acf_changed":false,"footnotes":""},"class_list":["post-323","page","type-page","status-publish","has-post-thumbnail","hentry"],"acf":[],"_links":{"self":[{"href":"https:\/\/jubilationchoir.com\/fr\/wp-json\/wp\/v2\/pages\/323\/"}],"collection":[{"href":"https:\/\/jubilationchoir.com\/fr\/wp-json\/wp\/v2\/pages\/"}],"about":[{"href":"https:\/\/jubilationchoir.com\/fr\/wp-json\/wp\/v2\/types\/page\/"}],"author":[{"embeddable":true,"href":"https:\/\/jubilationchoir.com\/fr\/wp-json\/wp\/v2\/users\/6\/"}],"replies":[{"embeddable":true,"href":"https:\/\/jubilationchoir.com\/fr\/wp-json\/wp\/v2\/comments\/?post=323"}],"version-history":[{"count":0,"href":"https:\/\/jubilationchoir.com\/fr\/wp-json\/wp\/v2\/pages\/323\/revisions\/"}],"up":[{"embeddable":true,"href":"https:\/\/jubilationchoir.com\/fr\/wp-json\/wp\/v2\/pages\/127\/"}],"wp:featuredmedia":[{"embeddable":true,"href":"https:\/\/jubilationchoir.com\/fr\/wp-json\/wp\/v2\/media\/1353\/"}],"wp:attachment":[{"href":"https:\/\/jubilationchoir.com\/fr\/wp-json\/wp\/v2\/media\/?parent=323"}],"curies":[{"name":"wp","href":"https:\/\/api.w.org\/{rel}","templated":true}]}}