{"id":327,"date":"2016-06-21T21:14:28","date_gmt":"2016-06-21T21:14:28","guid":{"rendered":"http:\/\/simple-sidewalk.flywheelsites.com\/?page_id=327"},"modified":"2016-08-26T20:14:56","modified_gmt":"2016-08-26T20:14:56","slug":"mendy-emilie-membre-a-vie","status":"publish","type":"page","link":"https:\/\/jubilationchoir.com\/fr\/choeur\/membres-a-vie\/mendy-emilie-membre-a-vie\/","title":{"rendered":"Mendy, Emilie &#8211; Membre \u00e0 Vie"},"content":{"rendered":"<p>Je suis si heureuse de faire partie de cette chorale depuis maintenant 9 ans. Quand j&#8217;ai \u00e9cout\u00e9 la premi\u00e8re fois la chorale chanter, cela venait d&#8217;un CD et c&#8217;\u00e9tait l&#8217;hymne de l&#8217;Afrique du Sud, mon sang n&#8217;a fait qu&#8217;un tour et j&#8217;avais la chair de poule. Je me suis jur\u00e9e ensuite d&#8217;int\u00e9grer cette chorale quoiqu&#8217;il advienne. J&#8217;EN FAIS PARTIE AUJOURD&#8217;HUI ET J&#8217;EN SUIS FI\u00c8RE. YES I DID!!!<\/p>\n<p>Merci Tr\u00e9vor de nous avoir enseign\u00e9 et de nous avoir permis de faire partie d&#8217;une des plus grandes chorales au monde, cela n&#8217;aurait jamais \u00e9t\u00e9 sans ta pers\u00e9v\u00e9rance et ta rigueur pendant les r\u00e9p\u00e9titions. C&#8217;est toujours une joie de se retrouver, c&#8217;est comme une deuxi\u00e8me famille pour moi.<\/p>\n<p>Merci \u00e0 tous.<\/p>\n<p>Mimi<\/p>\n","protected":false},"excerpt":{"rendered":"<p>Je suis si heureuse de faire partie de cette chorale depuis maintenant 9 ans. Quand j&#8217;ai \u00e9cout\u00e9 la premi\u00e8re fois la chorale chanter, cela venait d&#8217;un CD et c&#8217;\u00e9tait l&#8217;hymne de l&#8217;Afrique du Sud, mon sang n&#8217;a fait qu&#8217;un tour et j&#8217;avais la chair de poule. Je me suis jur\u00e9e ensuite d&#8217;int\u00e9grer cette chorale quoiqu&#8217;il &hellip; <a href=\"https:\/\/jubilationchoir.com\/fr\/choeur\/membres-a-vie\/mendy-emilie-membre-a-vie\/\">Continued<\/a><\/p>\n","protected":false},"author":6,"featured_media":1514,"parent":323,"menu_order":0,"comment_status":"open","ping_status":"open","template":"template-rightsidebar.php","meta":{"_acf_changed":false,"footnotes":""},"class_list":["post-327","page","type-page","status-publish","has-post-thumbnail","hentry"],"acf":[],"_links":{"self":[{"href":"https:\/\/jubilationchoir.com\/fr\/wp-json\/wp\/v2\/pages\/327\/"}],"collection":[{"href":"https:\/\/jubilationchoir.com\/fr\/wp-json\/wp\/v2\/pages\/"}],"about":[{"href":"https:\/\/jubilationchoir.com\/fr\/wp-json\/wp\/v2\/types\/page\/"}],"author":[{"embeddable":true,"href":"https:\/\/jubilationchoir.com\/fr\/wp-json\/wp\/v2\/users\/6\/"}],"replies":[{"embeddable":true,"href":"https:\/\/jubilationchoir.com\/fr\/wp-json\/wp\/v2\/comments\/?post=327"}],"version-history":[{"count":0,"href":"https:\/\/jubilationchoir.com\/fr\/wp-json\/wp\/v2\/pages\/327\/revisions\/"}],"up":[{"embeddable":true,"href":"https:\/\/jubilationchoir.com\/fr\/wp-json\/wp\/v2\/pages\/323\/"}],"wp:featuredmedia":[{"embeddable":true,"href":"https:\/\/jubilationchoir.com\/fr\/wp-json\/wp\/v2\/media\/1514\/"}],"wp:attachment":[{"href":"https:\/\/jubilationchoir.com\/fr\/wp-json\/wp\/v2\/media\/?parent=327"}],"curies":[{"name":"wp","href":"https:\/\/api.w.org\/{rel}","templated":true}]}}