{"id":332,"date":"2016-06-21T21:18:19","date_gmt":"2016-06-21T21:18:19","guid":{"rendered":"http:\/\/simple-sidewalk.flywheelsites.com\/?page_id=332"},"modified":"2016-08-26T20:11:31","modified_gmt":"2016-08-26T20:11:31","slug":"lafaille-anne-martine-membre-a-vie","status":"publish","type":"page","link":"https:\/\/jubilationchoir.com\/fr\/choeur\/membres-a-vie\/lafaille-anne-martine-membre-a-vie\/","title":{"rendered":"Lafaille, Anne-Martine &#8211; Membre \u00e0 Vie"},"content":{"rendered":"<p>Anne-Martine Lafaille a \u00e9t\u00e9 un membre du Montreal Jubilation Gospel Choir du 24 septembre 2006 au 1er juillet 2010. Durant ce temps, elle n&#8217;a pas juste \u00e9t\u00e9 un membre d\u00e9di\u00e9 de la chorale, mais \u00e9galement un chef doux et compatissant. Voyant toujours le c\u00f4t\u00e9 positif des choses, un jour elle a \u00e9t\u00e9 surprise \u00e0 dire &#8220;Je n&#8217;aime pas entendre les mauvaises nouvelles&#8221;.<\/p>\n<p>En juin 2010, sa famille et elle ont d\u00e9m\u00e9nag\u00e9 hors de Montr\u00e9al; d&#8217;o\u00f9 son impossibilit\u00e9 \u00e0 poursuivre en tant que membre actif de la chorale.<\/p>\n<p>Son sourire et sa conduite tranquille que nous aimons nous manquerons; et nous lui souhaitons le meilleur dans la poursuite de ses r\u00eaves, entour\u00e9e de ses nouveaux amis, coll\u00e8gues et d&#8217;une famille grandissante.<br \/>\n________<\/p>\n<p>Depuis 2006, je r\u00e9alise un r\u00eave en faisant partie d\u2019une famille de gens simples, g\u00e9n\u00e9reux et engag\u00e9s socialement par leur action philantropique. Faire partie du MJGC m\u2019a apport\u00e9 du plaisir et des exp\u00e9riences uniques, mais m\u2019a aussi fait voir l\u2019importance de la discipline personnelle et de l\u2019engagement individuel pour la r\u00e9ussite de nos projets. Je remercie tout le groupe pour cette aventure qui m\u2019a profond\u00e9ment marqu\u00e9e et je vous souhaite une bonne continuit\u00e9. Je suis heureuse et reconnaissante que vous permettiez \u00e0 mon r\u00eave de se poursuivre autrement, \u00e0 travers le club des membres par excellence.<\/p>\n<p>Tr\u00e8s affectueusement,<\/p>\n<p>Anne-Martine Lafaille<\/p>\n","protected":false},"excerpt":{"rendered":"<p>Anne-Martine Lafaille a \u00e9t\u00e9 un membre du Montreal Jubilation Gospel Choir du 24 septembre 2006 au 1er juillet 2010. Durant ce temps, elle n&#8217;a pas juste \u00e9t\u00e9 un membre d\u00e9di\u00e9 de la chorale, mais \u00e9galement un chef doux et compatissant. Voyant toujours le c\u00f4t\u00e9 positif des choses, un jour elle a \u00e9t\u00e9 surprise \u00e0 dire &hellip; <a href=\"https:\/\/jubilationchoir.com\/fr\/choeur\/membres-a-vie\/lafaille-anne-martine-membre-a-vie\/\">Continued<\/a><\/p>\n","protected":false},"author":6,"featured_media":1513,"parent":323,"menu_order":0,"comment_status":"open","ping_status":"open","template":"template-rightsidebar.php","meta":{"_acf_changed":false,"footnotes":""},"class_list":["post-332","page","type-page","status-publish","has-post-thumbnail","hentry"],"acf":[],"_links":{"self":[{"href":"https:\/\/jubilationchoir.com\/fr\/wp-json\/wp\/v2\/pages\/332\/"}],"collection":[{"href":"https:\/\/jubilationchoir.com\/fr\/wp-json\/wp\/v2\/pages\/"}],"about":[{"href":"https:\/\/jubilationchoir.com\/fr\/wp-json\/wp\/v2\/types\/page\/"}],"author":[{"embeddable":true,"href":"https:\/\/jubilationchoir.com\/fr\/wp-json\/wp\/v2\/users\/6\/"}],"replies":[{"embeddable":true,"href":"https:\/\/jubilationchoir.com\/fr\/wp-json\/wp\/v2\/comments\/?post=332"}],"version-history":[{"count":0,"href":"https:\/\/jubilationchoir.com\/fr\/wp-json\/wp\/v2\/pages\/332\/revisions\/"}],"up":[{"embeddable":true,"href":"https:\/\/jubilationchoir.com\/fr\/wp-json\/wp\/v2\/pages\/323\/"}],"wp:featuredmedia":[{"embeddable":true,"href":"https:\/\/jubilationchoir.com\/fr\/wp-json\/wp\/v2\/media\/1513\/"}],"wp:attachment":[{"href":"https:\/\/jubilationchoir.com\/fr\/wp-json\/wp\/v2\/media\/?parent=332"}],"curies":[{"name":"wp","href":"https:\/\/api.w.org\/{rel}","templated":true}]}}