{"id":342,"date":"2016-06-21T21:28:26","date_gmt":"2016-06-21T21:28:26","guid":{"rendered":"http:\/\/simple-sidewalk.flywheelsites.com\/?page_id=342"},"modified":"2016-06-21T21:28:26","modified_gmt":"2016-06-21T21:28:26","slug":"festival-de-jazz-dottawa","status":"publish","type":"page","link":"https:\/\/jubilationchoir.com\/fr\/engagements\/festival-de-jazz-dottawa\/","title":{"rendered":"Festival de Jazz d&#8217;Ottawa"},"content":{"rendered":"<p>Ottawa Jazz Festival &#8211; dimanche, 22 juin, 2014<br \/>\nDimanche, 01 Juin 2014 11:35   <\/p>\n<p>Montreal Jubilation Gospel Choir<br \/>\nFond\u00e9e et dirig\u00e9e par<br \/>\nDr. Trevor W. Payne, C.M.<br \/>\n*****<\/p>\n<p>Bio<\/p>\n<p>Le Montreal Jubilation Gospel Choir a \u00e9t\u00e9 form\u00e9 par Trevor W. Payne, C.M., en 1982 pour ce qui devait \u00eatre une collaboration le temps d\u2019un concert unissant le Montreal Black Community Youth Choir et le United Union Church Senior Choir. Apr\u00e8s trois d\u00e9cennies, ce ch\u0153ur prim\u00e9 s\u2019est forg\u00e9 une r\u00e9putation internationale. Il a voyag\u00e9 partout au Canada et dans le monde entier.<\/p>\n<p>Le ch\u0153ur a collabor\u00e9 avec certains des plus grands noms de l\u2019industrie de la musique, comme C\u00e9line Dion, Ray Charles et Michael Bolton. Il a lanc\u00e9 une douzaine d\u2019albums sur l\u2019\u00e9tiquette Justin Time, dont deux r\u00e9trospectives et son plus r\u00e9cent album A Celebration In Time. Payne est le fier r\u00e9cipiendaire de la M\u00e9daille du jubil\u00e9 de la Reine et de l\u2019Ordre du Canada. En janvier 2010, il a re\u00e7u le prix SOBA Image pour sa contribution et son d\u00e9vouement \u00e0 l\u2019un des ch\u0153urs de gospel les plus prestigieux en Am\u00e9rique du Nord : le Montreal Jubilation Gospel Choir.<\/p>\n","protected":false},"excerpt":{"rendered":"<p>Ottawa Jazz Festival &#8211; dimanche, 22 juin, 2014 Dimanche, 01 Juin 2014 11:35 Montreal Jubilation Gospel Choir Fond\u00e9e et dirig\u00e9e par Dr. Trevor W. Payne, C.M. ***** Bio Le Montreal Jubilation Gospel Choir a \u00e9t\u00e9 form\u00e9 par Trevor W. Payne, C.M., en 1982 pour ce qui devait \u00eatre une collaboration le temps d\u2019un concert unissant &hellip; <a href=\"https:\/\/jubilationchoir.com\/fr\/engagements\/festival-de-jazz-dottawa\/\">Continued<\/a><\/p>\n","protected":false},"author":4,"featured_media":0,"parent":311,"menu_order":0,"comment_status":"open","ping_status":"open","template":"template-page.php","meta":{"_acf_changed":false,"footnotes":""},"class_list":["post-342","page","type-page","status-publish","hentry"],"acf":[],"_links":{"self":[{"href":"https:\/\/jubilationchoir.com\/fr\/wp-json\/wp\/v2\/pages\/342\/"}],"collection":[{"href":"https:\/\/jubilationchoir.com\/fr\/wp-json\/wp\/v2\/pages\/"}],"about":[{"href":"https:\/\/jubilationchoir.com\/fr\/wp-json\/wp\/v2\/types\/page\/"}],"author":[{"embeddable":true,"href":"https:\/\/jubilationchoir.com\/fr\/wp-json\/wp\/v2\/users\/4\/"}],"replies":[{"embeddable":true,"href":"https:\/\/jubilationchoir.com\/fr\/wp-json\/wp\/v2\/comments\/?post=342"}],"version-history":[{"count":0,"href":"https:\/\/jubilationchoir.com\/fr\/wp-json\/wp\/v2\/pages\/342\/revisions\/"}],"up":[{"embeddable":true,"href":"https:\/\/jubilationchoir.com\/fr\/wp-json\/wp\/v2\/pages\/311\/"}],"wp:attachment":[{"href":"https:\/\/jubilationchoir.com\/fr\/wp-json\/wp\/v2\/media\/?parent=342"}],"curies":[{"name":"wp","href":"https:\/\/api.w.org\/{rel}","templated":true}]}}