{"id":380,"date":"2016-06-21T22:13:32","date_gmt":"2016-06-21T22:13:32","guid":{"rendered":"http:\/\/simple-sidewalk.flywheelsites.com\/?page_id=380"},"modified":"2016-06-21T22:13:32","modified_gmt":"2016-06-21T22:13:32","slug":"un-mot-du-lhon-dr-arthur-t-porter-c-p","status":"publish","type":"page","link":"https:\/\/jubilationchoir.com\/fr\/un-mot-du-lhon-dr-arthur-t-porter-c-p\/","title":{"rendered":"Un Mot du L&#8217;Hon. Dr. Arthur T. Porter, C. P."},"content":{"rendered":"<p>Sensibilisation aux cancers chez les hommes<\/p>\n<p>C\u2019est bien connu, les hommes n\u2019aiment pas parler de cancer, surtout s\u2019il s\u2019agit de cancer en bas de la ceinture comme celui de la prostate ou des testicules. Cependant, parler de cancer \u2014 les cancers qui affectent surtout les femmes, ceux qui affectent surtout les hommes et ceux qui ne font aucune distinction de sexe \u2014 est absolument essentiel pour accro\u00eetre la sensibilisation. Celle-ci, comme on le sait, fait prendre conscience de l\u2019importance du d\u00e9pistage pr\u00e9coce et pr\u00e9ventif. Elle permet d\u2019obtenir plus rapidement un diagnostic, un traitement et, on l\u2019esp\u00e8re, la gu\u00e9rison.<\/p>\n<p>Comme je ne suis pas seulement directeur g\u00e9n\u00e9ral et chef de la direction du CUSM mais \u00e9galement oncologue, je suis tr\u00e8s heureux de constater que l\u2019Institut des C\u00e8dres contre le cancer joue un r\u00f4le pr\u00e9pond\u00e9rant dans la sensibilisation aux cancers chez les hommes, de concert avec Trevor W. Payne, fondateur et directeur du Montreal Jubilation Gospel Choir.<\/p>\n<p>Hier, j\u2019ai rencontr\u00e9 Trevor pour la premi\u00e8re fois. C\u2019est un homme qui respire la passion pour la musique et pour la vie, qui est pr\u00eat \u00e0 parler du cancer et \u00e0 agir, et que la communaut\u00e9 tient en tr\u00e8s haute estime. Je ne pouvais r\u00eaver d\u2019un meilleur interlocuteur pour lancer chez nous la discussion indispensable sur les cancers chez les hommes et l\u2019entretenir. Je ne pouvais non plus souhaiter meilleur partenaire que l\u2019Institut des C\u00e8dres contre le cancer du Centre universitaire de sant\u00e9 McGill. Trevor et Les C\u00e8dres ont d\u00e9j\u00e0 produit des annonces d\u2019int\u00e9r\u00eat public convaincantes qui montrent Trevor et d\u2019autres hommes, patients du cancer. Par ailleurs, le Fonds Trevor W. Payne contre les cancers chez les hommes de l&#8217;Institut des C\u00e8dres sera lanc\u00e9 le 19 mai lorsque le Montreal Jubilation Gospel Choir \u00e9l\u00e8vera la voix contre ces maladies au cours d\u2019un concert-b\u00e9n\u00e9fice.<\/p>\n<p>Hier \u00e9tait aussi la Journ\u00e9e mondiale de la Sant\u00e9. J\u2019aimerais vous inviter \u00e0 vous joindre \u00e0 moi en ajoutant votre voix \u00e0 la discussion que Trevor et Les C\u00e8dres ont entam\u00e9e, afin que nous mettions \u00e0 profit le travail de nos incomparables professionnels de la Mission des soins du cancer et chercheurs de l\u2019Axe du cancer, ainsi que leurs initiatives de partage du savoir. Parlons du cancer chez les hommes, car la sensibilisation est une dimension inestimable de ce que nous faisons en tant que membre du R\u00e9seau des h\u00f4pitaux promoteurs de sant\u00e9 de l\u2019Organisation mondiale de la Sant\u00e9. Plus important encore, comme nous le savons, la sensibilisation contribue \u00e0 am\u00e9liorer la qualit\u00e9 de vie et sauve des vies.<\/p>\n<p> Cliquez sur les liens suivant pour en savoir plus sur le concert-b\u00e9n\u00e9fice, pour en parler autour de vous, et pour acheter des billets si une soir\u00e9e divertissante de chants inspir\u00e9s vous int\u00e9resse.<\/p>\n<p>*****<\/p>\n","protected":false},"excerpt":{"rendered":"<p>Sensibilisation aux cancers chez les hommes C\u2019est bien connu, les hommes n\u2019aiment pas parler de cancer, surtout s\u2019il s\u2019agit de cancer en bas de la ceinture comme celui de la prostate ou des testicules. Cependant, parler de cancer \u2014 les cancers qui affectent surtout les femmes, ceux qui affectent surtout les hommes et ceux qui &hellip; <a href=\"https:\/\/jubilationchoir.com\/fr\/un-mot-du-lhon-dr-arthur-t-porter-c-p\/\">Continued<\/a><\/p>\n","protected":false},"author":4,"featured_media":0,"parent":0,"menu_order":0,"comment_status":"open","ping_status":"open","template":"template-page.php","meta":{"_acf_changed":false,"footnotes":""},"class_list":["post-380","page","type-page","status-publish","hentry"],"acf":[],"_links":{"self":[{"href":"https:\/\/jubilationchoir.com\/fr\/wp-json\/wp\/v2\/pages\/380\/"}],"collection":[{"href":"https:\/\/jubilationchoir.com\/fr\/wp-json\/wp\/v2\/pages\/"}],"about":[{"href":"https:\/\/jubilationchoir.com\/fr\/wp-json\/wp\/v2\/types\/page\/"}],"author":[{"embeddable":true,"href":"https:\/\/jubilationchoir.com\/fr\/wp-json\/wp\/v2\/users\/4\/"}],"replies":[{"embeddable":true,"href":"https:\/\/jubilationchoir.com\/fr\/wp-json\/wp\/v2\/comments\/?post=380"}],"version-history":[{"count":0,"href":"https:\/\/jubilationchoir.com\/fr\/wp-json\/wp\/v2\/pages\/380\/revisions\/"}],"wp:attachment":[{"href":"https:\/\/jubilationchoir.com\/fr\/wp-json\/wp\/v2\/media\/?parent=380"}],"curies":[{"name":"wp","href":"https:\/\/api.w.org\/{rel}","templated":true}]}}