{"id":406,"date":"2016-06-21T22:53:04","date_gmt":"2016-06-21T22:53:04","guid":{"rendered":"http:\/\/simple-sidewalk.flywheelsites.com\/?page_id=406"},"modified":"2016-06-21T22:56:03","modified_gmt":"2016-06-21T22:56:03","slug":"la-statue-doscar-peterson","status":"publish","type":"page","link":"https:\/\/jubilationchoir.com\/fr\/la-statue-doscar-peterson\/","title":{"rendered":"La statue d&#8217;Oscar Peterson"},"content":{"rendered":"<p>Le CNA \u00e9rigera une statue d&#8217;Oscar Peterson<\/p>\n<p>La statue d&#8217;Oscar Peterson sera \u00e9rig\u00e9e \u00e0 l&#8217;angle des rues Elgin et Albert.<\/p>\n<p>Le comit\u00e9 des transports de la Ville d&#8217;Ottawa a donn\u00e9 le feu vert hier \u00e0 l&#8217;installation d&#8217;une statue grandeur nature<br \/>\n(Photo courtoisie, Centre national des arts)<\/p>\n<p>Le comit\u00e9 des transports de la Ville d&#8217;Ottawa a donn\u00e9 le feu vert hier \u00e0 l&#8217;installation d&#8217;une statue grandeur nature du d\u00e9funt pianiste Oscar Peterson, \u00e0 l&#8217;angle des rues Elgin et Albert.<br \/>\nLa sculpture montrant le c\u00e9l\u00e8bre jazzman canadien, assis devant un piano \u00e0 queue, sera \u00e9rig\u00e9e sur Elgin, sur le vaste trottoir adjacent au Centre national des Arts (CNA).<\/p>\n<p>\u00ab La sculpture est ainsi faite que les passants pourront s&#8217;asseoir \u00e0 ses c\u00f4t\u00e9s et jouer en duo \u00bb, a expliqu\u00e9 aux \u00e9lus la directrice des communications du CNA, Rosemary Thompson.<\/p>\n<p>L&#8217;institution a choisi d&#8217;accueillir le monument, notamment parce qu&#8217;Oscar Peterson a \u00e9t\u00e9 l&#8217;un des premiers \u00e0 s&#8217;y donner en spectacle en 1969, l&#8217;ann\u00e9e de l&#8217;ouverture du CNA. Il y a par la suite jou\u00e9 \u00e0 de nombreuses reprises.<\/p>\n<p>Le Centre devait obtenir l&#8217;approbation de la Ville, car la statue sera \u00e9rig\u00e9e sur la voie publique.<\/p>\n<p>C&#8217;est la sculpteure ontarienne <a href=\"http:\/\/www.ruthabernethy.com\/index.html\" target=\"_blank\">Ruth Abernethy<\/a>  qui a \u00e9t\u00e9 s\u00e9lectionn\u00e9e pour la cr\u00e9ation de cette oeuvre qui se veut interactive.<\/p>\n<p>Inauguration le 15 juin<br \/>\nL&#8217;inauguration officielle aura lieu le 15 juin prochain, en pr\u00e9sence de la fille et de la veuve de M. Peterson.<\/p>\n<p>D\u00e9c\u00e9d\u00e9 en 2007, le pianiste d&#8217;origine montr\u00e9alaise a donn\u00e9 des concerts aux quatre coins de la plan\u00e8te, au cours d&#8217;une carri\u00e8re de plus de 65 ans.<\/p>\n<p>Avec plus de 200 albums \u00e0 son actif, il figure notamment au Panth\u00e9on international du jazz.<\/p>\n<p>Philippe Orfali<br \/>\nPubli\u00e9 le 07 avril 2010<\/p>\n","protected":false},"excerpt":{"rendered":"<p>Le CNA \u00e9rigera une statue d&#8217;Oscar Peterson La statue d&#8217;Oscar Peterson sera \u00e9rig\u00e9e \u00e0 l&#8217;angle des rues Elgin et Albert. Le comit\u00e9 des transports de la Ville d&#8217;Ottawa a donn\u00e9 le feu vert hier \u00e0 l&#8217;installation d&#8217;une statue grandeur nature (Photo courtoisie, Centre national des arts) Le comit\u00e9 des transports de la Ville d&#8217;Ottawa a &hellip; <a href=\"https:\/\/jubilationchoir.com\/fr\/la-statue-doscar-peterson\/\">Continued<\/a><\/p>\n","protected":false},"author":4,"featured_media":0,"parent":0,"menu_order":0,"comment_status":"open","ping_status":"open","template":"template-page.php","meta":{"_acf_changed":false,"footnotes":""},"class_list":["post-406","page","type-page","status-publish","hentry"],"acf":[],"_links":{"self":[{"href":"https:\/\/jubilationchoir.com\/fr\/wp-json\/wp\/v2\/pages\/406\/"}],"collection":[{"href":"https:\/\/jubilationchoir.com\/fr\/wp-json\/wp\/v2\/pages\/"}],"about":[{"href":"https:\/\/jubilationchoir.com\/fr\/wp-json\/wp\/v2\/types\/page\/"}],"author":[{"embeddable":true,"href":"https:\/\/jubilationchoir.com\/fr\/wp-json\/wp\/v2\/users\/4\/"}],"replies":[{"embeddable":true,"href":"https:\/\/jubilationchoir.com\/fr\/wp-json\/wp\/v2\/comments\/?post=406"}],"version-history":[{"count":0,"href":"https:\/\/jubilationchoir.com\/fr\/wp-json\/wp\/v2\/pages\/406\/revisions\/"}],"wp:attachment":[{"href":"https:\/\/jubilationchoir.com\/fr\/wp-json\/wp\/v2\/media\/?parent=406"}],"curies":[{"name":"wp","href":"https:\/\/api.w.org\/{rel}","templated":true}]}}