{"id":657,"date":"2016-06-27T16:27:55","date_gmt":"2016-06-27T16:27:55","guid":{"rendered":"http:\/\/simple-sidewalk.flywheelsites.com\/fr\/?page_id=657"},"modified":"2018-01-04T18:52:53","modified_gmt":"2018-01-04T18:52:53","slug":"dr-trevor-w-payne-c-m-ordre-du-canada","status":"publish","type":"page","link":"https:\/\/jubilationchoir.com\/fr\/directeur\/dr-trevor-w-payne-c-m-ordre-du-canada\/","title":{"rendered":"Dr. Trevor W. Payne, C.M. [Ordre du Canada]"},"content":{"rendered":"<p><strong>Trevor W. Payne<\/strong> a dix ans quand sa famille quitte la Barbade pour venir s&#8217;installer \u00e0 Montreal. Il se consid\u00e8re comme un Montrealais \u00e0 part enti\u00e8re depuis lors.<\/p>\n<p>Il conna\u00eet du succ\u00e8s au cours des ann\u00e9es soixante avec le groupe &#8220;Trevor Payne and the Triangle&#8221; (plus tard &#8220;Kanda Kanda&#8221;). Le groupe joue aux c\u00f4t\u00e9s de Van Morrison, The Jefferson Airplane, The Doors, April Wine, Jethro Tull, Joe Cocker, Johnny Winter et plusieurs autres&#8230;<\/p>\n<p>En 1971, se sentant restreint par la relative simplicit\u00e9 de la musique rock et d\u00e9sirant parfaire ses connaissances musicales, Payne quitte le groupe et s&#8217;inscrit \u00e0 la Facult\u00e9 de Musique de l&#8217;Universit\u00e9 McGill de Montreal. Il joue du piano, de l&#8217;orgue, du saxophone, du violoncelle et diff\u00e9rentes percussions.<\/p>\n<p>En 1974, le <a href=\"#\"><em>Montreal Black Community Youth Choir (MBCYC)<\/em><\/a> a \u00e9t\u00e9 fond\u00e9 par Trevor W. Payne et Daisy Peterson Sweeney (la s\u0153ur d\u2019Oscar Peterson) \u00e0 l&#8217;\u00e9glise Union United avec le Ministre Frank B. Gabourel. Pendant les huit ann\u00e9es suivantes, le MBCYC a donn\u00e9 de nombreux concerts dans diverses \u00e9glises et salles au Canada, y compris deux concerts sur demande au Pacific National Exhibition \u00e0 Vancouver; a tourn\u00e9 aux \u00c9tats-Unis, et a enregistr\u00e9 deux albums.<\/p>\n<p>En 1982, le MBCYC a rejoint les forces avec la chorale des a\u00een\u00e9s de l&#8217;\u00e9glise Union United pour un concert commun, dirig\u00e9 par le professeur Payne afin de c\u00e9l\u00e9brer le 75e anniversaire de la plus ancienne \u00e9glise noire \u00e0 Montr\u00e9al. En raison du succ\u00e8s de cet \u00e9v\u00e9nement, auquel <a href=\"http:\/\/www.justin-time.com\/fr\/profilArtist\/283\" target=\"_blank\">Oliver Jones<\/a>, <a href=\"http:\/\/www.justin-time.com\/fr\/profilArtist\/308\" target=\"_blank\">Ranee Lee<\/a> et <a href=\"http:\/\/www.justin-time.com\/fr\/profilArtist\/138\" target=\"_blank\">Charlie Biddle<\/a> ont \u00e9galement particip\u00e9, le Montreal Jubilation Gospel Choir a \u00e9t\u00e9 form\u00e9.<\/p>\n<p>D\u00e8s la sortie de son premier album &#8220;Highway to Heaven&#8221;, le MJGC se m\u00e9rite le prix &#8220;L&#8217;artiste s&#8217;\u00e9tant le plus illustr\u00e9 sur disque&#8221; decern\u00e9 par &#8220;The Association of Gospel Music Ministries&#8221;. Il est \u00e9galement invit\u00e9e \u00e0 faire partie de l&#8217;album &#8220;Voices&#8221;, un disque compilation prim\u00e9 et rassemblant les meilleures musiques chorales du monde entier.<\/p>\n<p>En 1995, le MJGC se m\u00e9rite un prix &#8220;Juno&#8221; pour son album &#8220;Jubilation V: Joy to the World&#8221;. En outre, il chante pour Nelson Mandela et la reine \u00c9lizabeth II, au cours de la m\u00eame ann\u00e9e. Payne, en plus de diriger le MJGC, est aussi un compositeur qui a \u00e9crit des oeuvres pour &#8220;Les Ballets Jazz du Qu\u00e9bec&#8221;. Il enseigne \u00e9galement la musique au coll\u00e8ge John Abbott.<\/p>\n<p>En f\u00e9vrier 1996, Payne est honor\u00e9 par la Soci\u00e9t\u00e9 des gradu\u00e9s de l&#8217;Universit\u00e9 McGill de Montreal qui l&#8217;\u00e9lit un des cinq gradu\u00e9s de race noire s&#8217;\u00e9tant le plus illustr\u00e9 au cours des 175 ann\u00e9es d&#8217;histoire de l&#8217;Universit\u00e9. En avril de la m\u00eame ann\u00e9e, la Gazette de Montreal l&#8217;inscrit sur la liste des dix meilleurs chefs d&#8217;orchestre et de chorale de l&#8217;histoire de la ville de Montreal.<\/p>\n<p>Au mois de juillet 2000, Payne re\u00e7oit le prix Thomas A.Dorsey pour son apport essentiel \u00e0 l&#8217;\u00e9mergence de la musique gospel au Canada. Cette distinction lui est remise par Vision Awards inc. en collaboration avec le festival &#8220;Bluesfest&#8221; d&#8217;Ottawa.<\/p>\n<p>Au mois de mai 2001, la chorale entreprend une tourn\u00e9e triomphale en Europe, incluant la Belgique, la France et l&#8217;Allemagne. Lors de son passage \u00e0 Coutances, le maire de la ville, Monsieur Lamy, rend hommage \u00e0 son fondateur et directeur en lui d\u00e9cernant la m\u00e9daille d&#8217;honneur pour sa contribution exceptionnelle au rayonnement de la musique traditionnelle gospel en France.<\/p>\n<p>En mai 2009, la biographie du professeur Payne a \u00e9t\u00e9 inscrite dans le <em>Canadian Who&#8217;s Who 2010<\/em> (Volume XLV) c\u00e9l\u00e9brant son 100e anniversaire; cette r\u00e9f\u00e9rence hautement consid\u00e9r\u00e9e inclut les biographies des Canadiens influents.<\/p>\n<p>En d\u00e9cembre 2009, il a \u00e9t\u00e9 install\u00e9 dans le Panth\u00e9on du <em>Hour Magazine<\/em>.<\/p>\n<p>En janvier 2010, il a re\u00e7u la r\u00e9compense Image du Gala Soba pour sa contribution et son d\u00e9vouement pendant presque 30 ans, \u00e0 une des chorales Gospel les plus prestigieuses en Am\u00e9rique du Nord: le Montreal Jubilation Gospel Choir.<\/p>\n<p>Le Dr Payne est le fier r\u00e9cipiendaire des M\u00e9dailles du Jubil\u00e9 d&#8217;Or et du Jubil\u00e9 de Diamant de la Reine et il a \u00e9t\u00e9 nomm\u00e9 Membre de l\u2019Ordre du Canada. En janvier 2010, il a re\u00e7u le prix <a href=\"https:\/\/jubilationchoir.com\/fr\/choir\/distinctions\/\">SOBA Image<\/a> pour sa contribution et son d\u00e9vouement \u00e0 l\u2019un des ch\u0153urs de gospel les plus prestigieux en Am\u00e9rique du Nord : le <em>Montreal Jubilation Gospel Choir<\/em>.<\/p>\n<p>En F\u00e9vrier 2014, lui et son choeur sont acclam\u00e9s internationalement pour leurs performances dans le chef d&#8217;\u0153uvre de George Gershwin \u2018Porgy and Bess\u2019 produit par l\u2019Op\u00e9ra de Montr\u00e9al accumulant cinq repr\u00e9sentations cons\u00e9cutives \u00e0 guichet ferm\u00e9 \u00e0 la Salle WP de la PdA.<\/p>\n","protected":false},"excerpt":{"rendered":"<p>Trevor W. Payne a dix ans quand sa famille quitte la Barbade pour venir s&#8217;installer \u00e0 Montreal. Il se consid\u00e8re comme un Montrealais \u00e0 part enti\u00e8re depuis lors. Il conna\u00eet du succ\u00e8s au cours des ann\u00e9es soixante avec le groupe &#8220;Trevor Payne and the Triangle&#8221; (plus tard &#8220;Kanda Kanda&#8221;). Le groupe joue aux c\u00f4t\u00e9s de &hellip; <a href=\"https:\/\/jubilationchoir.com\/fr\/directeur\/dr-trevor-w-payne-c-m-ordre-du-canada\/\">Continued<\/a><\/p>\n","protected":false},"author":4,"featured_media":658,"parent":131,"menu_order":1,"comment_status":"open","ping_status":"open","template":"template-rightsidebar.php","meta":{"_acf_changed":false,"footnotes":""},"class_list":["post-657","page","type-page","status-publish","has-post-thumbnail","hentry"],"acf":[],"_links":{"self":[{"href":"https:\/\/jubilationchoir.com\/fr\/wp-json\/wp\/v2\/pages\/657\/"}],"collection":[{"href":"https:\/\/jubilationchoir.com\/fr\/wp-json\/wp\/v2\/pages\/"}],"about":[{"href":"https:\/\/jubilationchoir.com\/fr\/wp-json\/wp\/v2\/types\/page\/"}],"author":[{"embeddable":true,"href":"https:\/\/jubilationchoir.com\/fr\/wp-json\/wp\/v2\/users\/4\/"}],"replies":[{"embeddable":true,"href":"https:\/\/jubilationchoir.com\/fr\/wp-json\/wp\/v2\/comments\/?post=657"}],"version-history":[{"count":0,"href":"https:\/\/jubilationchoir.com\/fr\/wp-json\/wp\/v2\/pages\/657\/revisions\/"}],"up":[{"embeddable":true,"href":"https:\/\/jubilationchoir.com\/fr\/wp-json\/wp\/v2\/pages\/131\/"}],"wp:featuredmedia":[{"embeddable":true,"href":"https:\/\/jubilationchoir.com\/fr\/wp-json\/wp\/v2\/media\/658\/"}],"wp:attachment":[{"href":"https:\/\/jubilationchoir.com\/fr\/wp-json\/wp\/v2\/media\/?parent=657"}],"curies":[{"name":"wp","href":"https:\/\/api.w.org\/{rel}","templated":true}]}}