{"id":78,"date":"2016-06-17T21:21:01","date_gmt":"2016-06-17T21:21:01","guid":{"rendered":"http:\/\/simple-sidewalk.flywheelsites.com\/?page_id=78"},"modified":"2016-08-26T16:16:08","modified_gmt":"2016-08-26T16:16:08","slug":"ordre-du-canada","status":"publish","type":"page","link":"https:\/\/jubilationchoir.com\/fr\/directeur\/ordre-du-canada\/","title":{"rendered":"Ordre du Canada"},"content":{"rendered":"<p><strong><em>Citation: Trevor W. Payne, C.M.<\/em><\/strong><\/p>\n<p>D\u00e9sireux de partager la richesse et les traditions de sa culture, ce remarquable musicien a employ\u00e9 son talent \u00e0 pr\u00e9senter la musique d&#8217;\u00e9vangile \u00e0 la Grande Communaut\u00e9 de Montr\u00e9al. Sous sa direction, le Montreal Jubilation Gospel Choir a acquis une r\u00e9putation internationale et a soutenu de nombreuses causes charitables. Il est un mod\u00e8le pour la jeunesse, les encourageant \u00e0 \u00eatre fiers de leur communaut\u00e9 et \u00e0 rechercher l&#8217;excellence dans l&#8217;\u00e9ducation et la musique.<\/p>\n<p><strong>Raisons en appui de sa nomination :<\/strong><\/p>\n<p>Contribution \u00e0 sa communaut\u00e9 et \u00e0 la soci\u00e9t\u00e9 canadienne. Sa contribution \u00e0 la Communaut\u00e9 Noire, de laquelle il est membre, aura eu un effet d&#8217;entra\u00eenement, au sens de ses activit\u00e9s: i.e. sa musique, son enseignement, et son travail, au sein des d\u00e9crocheurs de niveau secondaire, qui auront engendr\u00e9s un effet positif qui s&#8217;\u00e9tendra \u00e0 toute la communaut\u00e9.<\/p>\n<div>\n<p><img decoding=\"async\" style=\"float: right; margin-left: 10px;\" src=\"https:\/\/jubilationchoir.com\/content\/uploads\/2016\/06\/medal4_w.jpg\" alt=\"\" \/><\/p>\n<p>Contribution \u00e0 l&#8217;\u00e9largissement des activit\u00e9s de l&#8217;\u00c9glise, en liant son histoire pass\u00e9e \u00e0 celle d&#8217;aujourd&#8217;hui. En tant que fondateur de la chorale &#8220;Montreal Black Community Choir&#8221;, \u00e0 l&#8217;\u00c9glise United Union Church, la plus ancienne congr\u00e9gation noire de Montreal, il a sem\u00e9 chez la jeunesse de la Communaut\u00e9 Noire la musique Gospel en tant que forme d&#8217;art, et a pr\u00e9cis\u00e9 un lien entre la musique Gospel et l&#8217;histoire du peuple Noir en Am\u00e9rique.<\/p>\n<\/div>\n<p>Lien entre sa contribution \u00e0 l&#8217;\u00c9glise United Union Church et la Communaut\u00e9. Durant que la Montreal Black Community Youth Choir apprenait la musique qu&#8217;il enseignait, et que la chorale devenat connue, la musique Gospel fut introduite \u00e0 la communaut\u00e9 Montrealaise, \u00e0 un point tel qu&#8217;en 1993, il y eut un volet sp\u00e9cial r\u00e9serv\u00e9 \u00e0 la musique Gospel au Festival International de Jazz de Montreal. Introduisant la musique de la Communaut\u00e9 Noire \u00e0 toute la communaut\u00e9 canadienne, ceci eu pour effet positif que cette aspect de la Culture Noire fut plus connu et respect\u00e9, gagnant ainsi respect pour la race. Ayant la Jeunesse Noire inspir\u00e9 par cette activit\u00e9 positive, il leur enseigna discipline, les tenants \u00e0 l&#8217;\u00e9cart des forces n\u00e9gatives, et les orientant plut\u00f4t vers des buts concrets.<\/p>\n<p><strong>Correspondence :<\/strong><\/p>\n<div class=\"link-ordre-canada\">\n<p><a title=\"Jean Charest\" href=\"https:\/\/jubilationchoir.com\/content\/uploads\/2016\/06\/charest.jpg\" target=\"_blank\">Jean Charest<\/a> : (M.P. Canada)<\/p>\n<p><a title=\"Jean Chretien\" href=\"https:\/\/jubilationchoir.com\/content\/uploads\/2016\/06\/chretien.jpg\" target=\"_blank\">Jean Chretien<\/a> : (Prime Minister of Canada)<\/p>\n<p><a title=\"Roy Kemp\" href=\"https:\/\/jubilationchoir.com\/content\/uploads\/2016\/06\/kemp.jpg\" target=\"_blank\">Roy Kemp<\/a> : (Mayor of Beaconsfield)<\/p>\n<p><a title=\"Gaetane Koszegi\" href=\"https:\/\/jubilationchoir.com\/content\/uploads\/2016\/06\/koszegi.jpg\" target=\"_blank\">Gaetane Koszegi<\/a> : (John Abbott College)<\/p>\n<p><a title=\"Clifford Lincoln\" href=\"https:\/\/jubilationchoir.com\/content\/uploads\/2016\/06\/lincoln.jpg\" target=\"_blank\">Clifford Lincoln<\/a> : (M.P. Quebec)<\/p>\n<p><a title=\"Preston Manning\" href=\"https:\/\/jubilationchoir.com\/content\/uploads\/2016\/06\/manning.jpg\" target=\"_blank\">Preston Manning<\/a> : (Leader, Reform Party of Canada)<\/p>\n<p><a title=\"Donald H. Oliver\" href=\"https:\/\/jubilationchoir.com\/content\/uploads\/2016\/06\/oliver.jpg\" target=\"_blank\">Donald H. Oliver<\/a> : (Canada Senate)<\/p>\n<p><a title=\"Edward S. Rodgers\" href=\"https:\/\/jubilationchoir.com\/content\/uploads\/2016\/06\/rodgers.jpg\" target=\"_blank\">Edward S. Rodgers<\/a> : (CEO Rodgers Communications)<\/p>\n<p><a title=\"Jean-Louis Roux\" href=\"https:\/\/jubilationchoir.com\/content\/uploads\/2016\/06\/roux.jpg\" target=\"_blank\">Jean-Louis Roux<\/a> : (Office of the Lieutenant Governor Quebec)<\/p>\n<p><a title=\"Dr. James Vanstone\" href=\"https:\/\/jubilationchoir.com\/content\/uploads\/2016\/06\/vanstone.jpg\" target=\"_blank\">Dr. James Vanstone<\/a> : ( Academic Council John Abbott College)<\/p>\n<p><a title=\"Dionysia Zerbisias\" href=\"https:\/\/jubilationchoir.com\/content\/uploads\/2016\/06\/vanstone.jpg\" target=\"_blank\">Dionysia Zerbisias<\/a> : (Quebec Court of Appeals)\n<\/div>\n","protected":false},"excerpt":{"rendered":"<p>Citation: Trevor W. Payne, C.M. D\u00e9sireux de partager la richesse et les traditions de sa culture, ce remarquable musicien a employ\u00e9 son talent \u00e0 pr\u00e9senter la musique d&#8217;\u00e9vangile \u00e0 la Grande Communaut\u00e9 de Montr\u00e9al. Sous sa direction, le Montreal Jubilation Gospel Choir a acquis une r\u00e9putation internationale et a soutenu de nombreuses causes charitables. Il &hellip; <a href=\"https:\/\/jubilationchoir.com\/fr\/directeur\/ordre-du-canada\/\">Continued<\/a><\/p>\n","protected":false},"author":4,"featured_media":80,"parent":131,"menu_order":2,"comment_status":"open","ping_status":"open","template":"template-rightsidebar.php","meta":{"_acf_changed":false,"footnotes":""},"class_list":["post-78","page","type-page","status-publish","has-post-thumbnail","hentry"],"acf":[],"_links":{"self":[{"href":"https:\/\/jubilationchoir.com\/fr\/wp-json\/wp\/v2\/pages\/78\/"}],"collection":[{"href":"https:\/\/jubilationchoir.com\/fr\/wp-json\/wp\/v2\/pages\/"}],"about":[{"href":"https:\/\/jubilationchoir.com\/fr\/wp-json\/wp\/v2\/types\/page\/"}],"author":[{"embeddable":true,"href":"https:\/\/jubilationchoir.com\/fr\/wp-json\/wp\/v2\/users\/4\/"}],"replies":[{"embeddable":true,"href":"https:\/\/jubilationchoir.com\/fr\/wp-json\/wp\/v2\/comments\/?post=78"}],"version-history":[{"count":0,"href":"https:\/\/jubilationchoir.com\/fr\/wp-json\/wp\/v2\/pages\/78\/revisions\/"}],"up":[{"embeddable":true,"href":"https:\/\/jubilationchoir.com\/fr\/wp-json\/wp\/v2\/pages\/131\/"}],"wp:featuredmedia":[{"embeddable":true,"href":"https:\/\/jubilationchoir.com\/fr\/wp-json\/wp\/v2\/media\/80\/"}],"wp:attachment":[{"href":"https:\/\/jubilationchoir.com\/fr\/wp-json\/wp\/v2\/media\/?parent=78"}],"curies":[{"name":"wp","href":"https:\/\/api.w.org\/{rel}","templated":true}]}}